{"id":191,"date":"2020-10-28T21:15:47","date_gmt":"2020-10-28T21:15:47","guid":{"rendered":"https:\/\/clarasol.mx\/?page_id=191"},"modified":"2022-03-08T01:15:17","modified_gmt":"2022-03-08T01:15:17","slug":"clarasol-el-original","status":"publish","type":"page","link":"https:\/\/clarasol.mx\/en\/clarasol-el-original\/","title":{"rendered":"Clarasol The original"},"content":{"rendered":"<p>[et_pb_section fb_built=&#8221;1&#8243; _builder_version=&#8221;4.6.6&#8243; _module_preset=&#8221;default&#8221; background_image=&#8221;https:\/\/clarasol.mx\/wp-content\/uploads\/2020\/11\/foto_backproductos-scaled.jpg&#8221; background_last_edited=&#8221;on|phone&#8221; parallax_phone=&#8221;off&#8221; background_size_phone=&#8221;initial&#8221;][et_pb_row column_structure=&#8221;1_2,1_2&#8243; _builder_version=&#8221;4.6.6&#8243; _module_preset=&#8221;default&#8221;][et_pb_column type=&#8221;1_2&#8243; _builder_version=&#8221;4.6.6&#8243; _module_preset=&#8221;default&#8221;][et_pb_image src=&#8221;https:\/\/clarasol.mx\/wp-content\/uploads\/2022\/03\/Clarasol-todos-2022.png&#8221; alt=&#8221;clarasol original1L&#8221; title_text=&#8221;Clarasol 2022&#8243; admin_label=&#8221;Image&#8221; _builder_version=&#8221;4.9.7&#8243; _module_preset=&#8221;default&#8221; animation_style=&#8221;zoom&#8221; animation_duration=&#8221;2000ms&#8221; hover_enabled=&#8221;0&#8243; sticky_enabled=&#8221;0&#8243;][\/et_pb_image][\/et_pb_column][et_pb_column type=&#8221;1_2&#8243; _builder_version=&#8221;4.6.6&#8243; _module_preset=&#8221;default&#8221;][et_pb_text _builder_version=&#8221;4.6.6&#8243; _module_preset=&#8221;default&#8221; text_font=&#8221;Montserrat|700|||||||&#8221; text_text_color=&#8221;#56aa6a&#8221; text_font_size=&#8221;25px&#8221; text_line_height=&#8221;1.8em&#8221; header_2_font=&#8221;Montserrat|700|||||||&#8221; header_2_text_color=&#8221;#56aa6a&#8221; header_2_font_size=&#8221;45px&#8221; text_orientation=&#8221;center&#8221; text_font_size_tablet=&#8221;&#8221; text_font_size_phone=&#8221;18px&#8221; text_font_size_last_edited=&#8221;on|phone&#8221; header_2_font_size_tablet=&#8221;&#8221; header_2_font_size_phone=&#8221;35px&#8221; header_2_font_size_last_edited=&#8221;on|phone&#8221; text_text_shadow_style=&#8221;preset5&#8243; text_text_shadow_blur_strength=&#8221;0.1em&#8221; text_text_shadow_color=&#8221;#FFFFFF&#8221;]<\/p>\n<h2>Clarasol &#8220;El original&#8221;<\/h2>\n<p>Blanqueador de ropa y desinfectante.<\/p>\n<p><span>El blanqueador con m\u00e1s historia en M\u00e9xico.<\/span><\/p>\n<p>[\/et_pb_text][et_pb_text _builder_version=&#8221;4.6.6&#8243; _module_preset=&#8221;default&#8221; text_font=&#8221;Montserrat||||||||&#8221; text_text_color=&#8221;#6b6b6b&#8221; text_font_size=&#8221;15px&#8221; text_line_height=&#8221;1.8em&#8221; text_orientation=&#8221;justified&#8221; animation_style=&#8221;slide&#8221; text_text_shadow_style=&#8221;preset4&#8243; text_text_shadow_blur_strength=&#8221;0.01em&#8221; text_text_shadow_color=&#8221;#FFFFFF&#8221;]<\/p>\n<p>El mejor amigo para limpiar, lavar y desinfectar. Te ayudar\u00e1\u00a0 a mantener tu casa y oficina, libres de malos olores .\u00a0 No te preocupes m\u00e1s, por las manchas complicadas de lavar,\u00a0 al comer unos tacos, ni por si tu hijo jug\u00f3 en el jard\u00edn que Clarasol \u201c El original\u201d ser\u00e1 tu mejor aliado contra las manchas y lugares dif\u00edciles.<\/p>\n<p>[\/et_pb_text][et_pb_text _builder_version=&#8221;4.6.6&#8243; _module_preset=&#8221;default&#8221; text_font=&#8221;Montserrat||||||||&#8221; text_text_color=&#8221;#6b6b6b&#8221; text_font_size=&#8221;15px&#8221; text_line_height=&#8221;1.8em&#8221; header_4_font=&#8221;Montserrat|700|||||||&#8221; header_4_text_color=&#8221;#56aa6a&#8221; text_orientation=&#8221;justified&#8221; animation_style=&#8221;slide&#8221; text_text_shadow_style=&#8221;preset4&#8243; text_text_shadow_blur_strength=&#8221;0.01em&#8221; text_text_shadow_color=&#8221;#FFFFFF&#8221;]<\/p>\n<h4><span style=\"text-decoration: underline;\">Presentaciones<\/span><\/h4>\n<p>500ml,\u00a01L,\u00a01.850L,\u00a03.785L,\u00a010L,\u00a020L<\/p>\n<p>[\/et_pb_text][et_pb_text admin_label=&#8221;Text&#8221; _builder_version=&#8221;4.6.6&#8243; _module_preset=&#8221;default&#8221; text_font=&#8221;Montserrat||||||||&#8221; text_text_color=&#8221;#6b6b6b&#8221; text_font_size=&#8221;15px&#8221; text_line_height=&#8221;1.8em&#8221; header_4_font=&#8221;Montserrat|700|||||||&#8221; header_4_text_color=&#8221;#56aa6a&#8221; text_orientation=&#8221;justified&#8221; animation_style=&#8221;slide&#8221; text_text_shadow_style=&#8221;preset4&#8243; text_text_shadow_blur_strength=&#8221;0.01em&#8221; text_text_shadow_color=&#8221;#FFFFFF&#8221;]<\/p>\n<h4><span style=\"text-decoration: underline;\">Usos<\/span><\/h4>\n<p>Limpieza de pisos y superficies.<br \/>Lavado de ropa blanca.<br \/>Desinfecci\u00f3n de ba\u00f1os.<br \/>Blanqueador de Ropa.<br \/>Desinfectar Frutas y Verduras.<\/p>\n<p>[\/et_pb_text][\/et_pb_column][\/et_pb_row][et_pb_row _builder_version=&#8221;4.9.7&#8243; _module_preset=&#8221;default&#8221;][et_pb_column type=&#8221;4_4&#8243; _builder_version=&#8221;4.9.7&#8243; _module_preset=&#8221;default&#8221;][et_pb_text _builder_version=&#8221;4.9.7&#8243; _module_preset=&#8221;default&#8221;]<\/p>\n<p><span style=\"color: #ff0000;\"><strong>INSTRUCCIONES DE USO:<\/strong><\/span><\/p>\n<p>PARA BLANQUEAR SU ROPA: De lino, algod\u00f3n nylon y poli\u00e9ster. Despu\u00e9s de lavarla, ponga la ropa en una soluci\u00f3n de una taza de CLARASOL\u00ae por cada 15 litros de agua fr\u00eda o caliente, d\u00e9jela reposar el tiempo necesario y enju\u00e1guela bien con agua limpia. Su ropa quedar\u00e1 blanca, desinfectada y con agradable olor a limpio.<\/p>\n<p>PARA LIMPIAR Y DESINFECTAR: Sus muebles de ba\u00f1o, cocina, utensilios de cristal o porcelanizados, pisos de cemento, mosaico, loseta, linoleums. Aplique sobre la superficie CLARASOL\u00ae sin diluir con un trapo o jerga extendida, frote y enjuague inmediatamente con agua limpia.<\/p>\n<p>PARA DESINFECTAR FRUTAS Y VERDURAS: Prepare una soluci\u00f3n de media cucharada de CLARASOL\u00ae en 3 litros de agua. Remoje sus frutas y verduras durante 2 minutos. Escurra y deje secar.<\/p>\n<p>PARA DESMANCHAR SU ROPA: Ponga 2 cucharadas de CLARASOL\u00ae por cada litro de agua, sumerja la parte manchada por 10 minutos, enjuague con agua limpia y repita si es necesario.<\/p>\n<p>PARA DESINFECTAR Y ELIMINAR MALOS OLORES: En botes de basura, tuber\u00edas, coladeras y WC, vierta un poco de CLARASOL\u00ae, d\u00e9jelo por unas horas y enjuague con agua limpia.<\/p>\n<p>&nbsp;<\/p>\n<p>[\/et_pb_text][\/et_pb_column][\/et_pb_row][\/et_pb_section]<\/p>\n","protected":false},"excerpt":{"rendered":"<p>Clarasol &#8220;El original&#8221; Blanqueador de ropa y desinfectante. El blanqueador con m\u00e1s historia en M\u00e9xico.El mejor amigo para limpiar, lavar y desinfectar. Te ayudar\u00e1\u00a0 a mantener tu casa y oficina, libres de malos olores .\u00a0 No te preocupes m\u00e1s, por las manchas complicadas de lavar,\u00a0 al comer unos tacos, ni por si tu hijo jug\u00f3 [&hellip;]<\/p>\n","protected":false},"author":4,"featured_media":0,"parent":0,"menu_order":0,"comment_status":"closed","ping_status":"closed","template":"","meta":{"_et_pb_use_builder":"on","_et_pb_old_content":"","_et_gb_content_width":"","footnotes":""},"yoast_head":"<!-- This site is optimized with the Yoast SEO plugin v22.6 - https:\/\/yoast.com\/wordpress\/plugins\/seo\/ -->\n<title>Clarasol El original - Clarasol<\/title>\n<meta name=\"robots\" content=\"index, follow, max-snippet:-1, max-image-preview:large, max-video-preview:-1\" \/>\n<link rel=\"canonical\" href=\"https:\/\/clarasol.mx\/en\/clarasol-el-original\/\" \/>\n<meta property=\"og:locale\" content=\"en_US\" \/>\n<meta property=\"og:type\" content=\"article\" \/>\n<meta property=\"og:title\" content=\"Clarasol El original - Clarasol\" \/>\n<meta property=\"og:description\" content=\"Clarasol &quot;El original&quot; Blanqueador de ropa y desinfectante. El blanqueador con m\u00e1s historia en M\u00e9xico.El mejor amigo para limpiar, lavar y desinfectar. Te ayudar\u00e1\u00a0 a mantener tu casa y oficina, libres de malos olores .\u00a0 No te preocupes m\u00e1s, por las manchas complicadas de lavar,\u00a0 al comer unos tacos, ni por si tu hijo jug\u00f3 [&hellip;]\" \/>\n<meta property=\"og:url\" content=\"https:\/\/clarasol.mx\/en\/clarasol-el-original\/\" \/>\n<meta property=\"og:site_name\" content=\"Clarasol\" \/>\n<meta property=\"article:modified_time\" content=\"2022-03-08T01:15:17+00:00\" \/>\n<meta name=\"twitter:card\" content=\"summary_large_image\" \/>\n<meta name=\"twitter:label1\" content=\"Est. reading time\" \/>\n\t<meta name=\"twitter:data1\" content=\"4 minutes\" \/>\n<script type=\"application\/ld+json\" class=\"yoast-schema-graph\">{\"@context\":\"https:\/\/schema.org\",\"@graph\":[{\"@type\":\"WebPage\",\"@id\":\"https:\/\/clarasol.mx\/clarasol-el-original\/\",\"url\":\"https:\/\/clarasol.mx\/clarasol-el-original\/\",\"name\":\"Clarasol El original - Clarasol\",\"isPartOf\":{\"@id\":\"https:\/\/clarasol.mx\/#website\"},\"datePublished\":\"2020-10-28T21:15:47+00:00\",\"dateModified\":\"2022-03-08T01:15:17+00:00\",\"breadcrumb\":{\"@id\":\"https:\/\/clarasol.mx\/clarasol-el-original\/#breadcrumb\"},\"inLanguage\":\"en-US\",\"potentialAction\":[{\"@type\":\"ReadAction\",\"target\":[\"https:\/\/clarasol.mx\/clarasol-el-original\/\"]}]},{\"@type\":\"BreadcrumbList\",\"@id\":\"https:\/\/clarasol.mx\/clarasol-el-original\/#breadcrumb\",\"itemListElement\":[{\"@type\":\"ListItem\",\"position\":1,\"name\":\"Portada\",\"item\":\"https:\/\/clarasol.mx\/\"},{\"@type\":\"ListItem\",\"position\":2,\"name\":\"Clarasol El original\"}]},{\"@type\":\"WebSite\",\"@id\":\"https:\/\/clarasol.mx\/#website\",\"url\":\"https:\/\/clarasol.mx\/\",\"name\":\"Clarasol\",\"description\":\"Clarasol\",\"potentialAction\":[{\"@type\":\"SearchAction\",\"target\":{\"@type\":\"EntryPoint\",\"urlTemplate\":\"https:\/\/clarasol.mx\/?s={search_term_string}\"},\"query-input\":\"required name=search_term_string\"}],\"inLanguage\":\"en-US\"}]}<\/script>\n<!-- \/ Yoast SEO plugin. -->","yoast_head_json":{"title":"Clarasol The original - Clarasol","robots":{"index":"index","follow":"follow","max-snippet":"max-snippet:-1","max-image-preview":"max-image-preview:large","max-video-preview":"max-video-preview:-1"},"canonical":"https:\/\/clarasol.mx\/en\/clarasol-el-original\/","og_locale":"en_US","og_type":"article","og_title":"Clarasol El original - Clarasol","og_description":"Clarasol \"El original\" Blanqueador de ropa y desinfectante. El blanqueador con m\u00e1s historia en M\u00e9xico.El mejor amigo para limpiar, lavar y desinfectar. Te ayudar\u00e1\u00a0 a mantener tu casa y oficina, libres de malos olores .\u00a0 No te preocupes m\u00e1s, por las manchas complicadas de lavar,\u00a0 al comer unos tacos, ni por si tu hijo jug\u00f3 [&hellip;]","og_url":"https:\/\/clarasol.mx\/en\/clarasol-el-original\/","og_site_name":"Clarasol","article_modified_time":"2022-03-08T01:15:17+00:00","twitter_card":"summary_large_image","twitter_misc":{"Est. reading time":"4 minutes"},"schema":{"@context":"https:\/\/schema.org","@graph":[{"@type":"WebPage","@id":"https:\/\/clarasol.mx\/clarasol-el-original\/","url":"https:\/\/clarasol.mx\/clarasol-el-original\/","name":"Clarasol The original - Clarasol","isPartOf":{"@id":"https:\/\/clarasol.mx\/#website"},"datePublished":"2020-10-28T21:15:47+00:00","dateModified":"2022-03-08T01:15:17+00:00","breadcrumb":{"@id":"https:\/\/clarasol.mx\/clarasol-el-original\/#breadcrumb"},"inLanguage":"en-US","potentialAction":[{"@type":"ReadAction","target":["https:\/\/clarasol.mx\/clarasol-el-original\/"]}]},{"@type":"BreadcrumbList","@id":"https:\/\/clarasol.mx\/clarasol-el-original\/#breadcrumb","itemListElement":[{"@type":"ListItem","position":1,"name":"Portada","item":"https:\/\/clarasol.mx\/"},{"@type":"ListItem","position":2,"name":"Clarasol El original"}]},{"@type":"WebSite","@id":"https:\/\/clarasol.mx\/#website","url":"https:\/\/clarasol.mx\/","name":"Clarasol","description":"Clarasol","potentialAction":[{"@type":"SearchAction","target":{"@type":"EntryPoint","urlTemplate":"https:\/\/clarasol.mx\/?s={search_term_string}"},"query-input":"required name=search_term_string"}],"inLanguage":"en-US"}]}},"_links":{"self":[{"href":"https:\/\/clarasol.mx\/en\/wp-json\/wp\/v2\/pages\/191"}],"collection":[{"href":"https:\/\/clarasol.mx\/en\/wp-json\/wp\/v2\/pages"}],"about":[{"href":"https:\/\/clarasol.mx\/en\/wp-json\/wp\/v2\/types\/page"}],"author":[{"embeddable":true,"href":"https:\/\/clarasol.mx\/en\/wp-json\/wp\/v2\/users\/4"}],"replies":[{"embeddable":true,"href":"https:\/\/clarasol.mx\/en\/wp-json\/wp\/v2\/comments?post=191"}],"version-history":[{"count":49,"href":"https:\/\/clarasol.mx\/en\/wp-json\/wp\/v2\/pages\/191\/revisions"}],"predecessor-version":[{"id":1018,"href":"https:\/\/clarasol.mx\/en\/wp-json\/wp\/v2\/pages\/191\/revisions\/1018"}],"wp:attachment":[{"href":"https:\/\/clarasol.mx\/en\/wp-json\/wp\/v2\/media?parent=191"}],"curies":[{"name":"wp","href":"https:\/\/api.w.org\/{rel}","templated":true}]}}