{"id":730,"date":"2020-11-08T21:45:35","date_gmt":"2020-11-08T21:45:35","guid":{"rendered":"https:\/\/clarasol.mx\/?page_id=730"},"modified":"2022-03-08T01:18:06","modified_gmt":"2022-03-08T01:18:06","slug":"bano","status":"publish","type":"page","link":"https:\/\/clarasol.mx\/en\/bano\/","title":{"rendered":"Bathrooms"},"content":{"rendered":"<p>[et_pb_section fb_built=&#8221;1&#8243; _builder_version=&#8221;4.6.6&#8243; _module_preset=&#8221;default&#8221; background_image=&#8221;https:\/\/clarasol.mx\/wp-content\/uploads\/2020\/11\/foto_backproductos-scaled.jpg&#8221; background_last_edited=&#8221;on|phone&#8221; background_size_phone=&#8221;initial&#8221;][et_pb_row column_structure=&#8221;1_2,1_2&#8243; _builder_version=&#8221;4.6.6&#8243; _module_preset=&#8221;default&#8221;][et_pb_column type=&#8221;1_2&#8243; _builder_version=&#8221;4.6.6&#8243; _module_preset=&#8221;default&#8221;][et_pb_image src=&#8221;https:\/\/clarasol.mx\/wp-content\/uploads\/2022\/03\/Clarasol-Ban\u0303os-cuadrado.png&#8221; alt=&#8221;ba\u00f1os&#8221; title_text=&#8221;Clarasol Ban\u0303os&#8221; _builder_version=&#8221;4.9.7&#8243; _module_preset=&#8221;default&#8221; animation_style=&#8221;zoom&#8221; animation_duration=&#8221;1500ms&#8221; hover_enabled=&#8221;0&#8243; sticky_enabled=&#8221;0&#8243;][\/et_pb_image][\/et_pb_column][et_pb_column type=&#8221;1_2&#8243; _builder_version=&#8221;4.6.6&#8243; _module_preset=&#8221;default&#8221;][et_pb_text _builder_version=&#8221;4.6.6&#8243; _module_preset=&#8221;default&#8221; text_font=&#8221;Montserrat|700|||||||&#8221; text_text_color=&#8221;#56aa6a&#8221; text_font_size=&#8221;25px&#8221; text_line_height=&#8221;1.8em&#8221; header_2_font=&#8221;Montserrat|700|||||||&#8221; header_2_text_color=&#8221;#56aa6a&#8221; header_2_font_size=&#8221;50px&#8221; text_orientation=&#8221;center&#8221; text_font_size_tablet=&#8221;&#8221; text_font_size_phone=&#8221;18px&#8221; text_font_size_last_edited=&#8221;on|phone&#8221; header_2_font_size_tablet=&#8221;&#8221; header_2_font_size_phone=&#8221;35px&#8221; header_2_font_size_last_edited=&#8221;on|phone&#8221; text_text_shadow_style=&#8221;preset5&#8243; text_text_shadow_blur_strength=&#8221;0.1em&#8221; text_text_shadow_color=&#8221;#FFFFFF&#8221;]<\/p>\n<h2>Clarasol Ba\u00f1os<\/h2>\n<p>Ba\u00f1os s\u00faper relucientes.<\/p>\n<p>[\/et_pb_text][et_pb_text _builder_version=&#8221;4.6.6&#8243; _module_preset=&#8221;default&#8221; text_font=&#8221;Montserrat||||||||&#8221; text_text_color=&#8221;#6b6b6b&#8221; text_font_size=&#8221;15px&#8221; text_line_height=&#8221;1.8em&#8221; text_orientation=&#8221;justified&#8221; animation_style=&#8221;slide&#8221; text_text_shadow_style=&#8221;preset4&#8243; text_text_shadow_blur_strength=&#8221;0.01em&#8221; text_text_shadow_color=&#8221;#FFFFFF&#8221;]<\/p>\n<p>Si quieres tener un ba\u00f1o reluciente, salvo de virus y g\u00e9rmenes, esta es la f\u00f3rmula que necesitas. Desvanece, por completo, las manchas que ensucian las paredes, arrasando con cualquier hongo, dejando el inodoro limpio y resplandeciente. Su f\u00f3rmula efectiva desinfecta y elimina el 99.9% de virus, bacterias y hongos.<\/p>\n<p>[\/et_pb_text][et_pb_text _builder_version=&#8221;4.6.6&#8243; _module_preset=&#8221;default&#8221; text_font=&#8221;Montserrat||||||||&#8221; text_text_color=&#8221;#6b6b6b&#8221; text_font_size=&#8221;15px&#8221; text_line_height=&#8221;1.8em&#8221; header_4_font=&#8221;Montserrat|700|||||||&#8221; header_4_text_color=&#8221;#56aa6a&#8221; text_orientation=&#8221;justified&#8221; animation_style=&#8221;slide&#8221; text_text_shadow_style=&#8221;preset4&#8243; text_text_shadow_blur_strength=&#8221;0.01em&#8221; text_text_shadow_color=&#8221;#FFFFFF&#8221;]<\/p>\n<h4><span style=\"text-decoration: underline;\">Presentaciones<\/span><\/h4>\n<p>750ml<\/p>\n<p>[\/et_pb_text][et_pb_text _builder_version=&#8221;4.6.6&#8243; _module_preset=&#8221;default&#8221; text_font=&#8221;Montserrat||||||||&#8221; text_text_color=&#8221;#6b6b6b&#8221; text_font_size=&#8221;15px&#8221; text_line_height=&#8221;1.8em&#8221; header_4_font=&#8221;Montserrat|700|||||||&#8221; header_4_text_color=&#8221;#56aa6a&#8221; text_orientation=&#8221;justified&#8221; animation_style=&#8221;slide&#8221; text_text_shadow_style=&#8221;preset4&#8243; text_text_shadow_blur_strength=&#8221;0.01em&#8221; text_text_shadow_color=&#8221;#FFFFFF&#8221;]<\/p>\n<h4><span style=\"text-decoration: underline;\">Usos<\/span><\/h4>\n<p>Desinfecci\u00f3n y limpieza de pisos, losetas e inodoros.<br \/> Remueve las manchas de (maquillaje, pasta dental, crema de afeitar, etc.)<br \/> Elimina el sarro acumulado y previene su aparici\u00f3n.<\/p>\n<p>[\/et_pb_text][\/et_pb_column][\/et_pb_row][et_pb_row _builder_version=&#8221;4.9.7&#8243; _module_preset=&#8221;default&#8221;][et_pb_column type=&#8221;4_4&#8243; _builder_version=&#8221;4.9.7&#8243; _module_preset=&#8221;default&#8221;][et_pb_text _builder_version=&#8221;4.9.7&#8243; _module_preset=&#8221;default&#8221;]<\/p>\n<p><span style=\"color: #ff0000;\">INSTRUCCIONES DE USO:<\/span> Utilice guantes para usar este producto. Gire la punta del atomizador a posici\u00f3n ON o ABRIR, roc\u00ede el producto y limpie con un trapo seco, limpio y libre de pelusa, para manchas dif\u00edciles deje actuar el producto durante 15 minutos antes de limpiar, repita la operaci\u00f3n si es necesario.<\/p>\n<p><span style=\"color: #ff0000;\">PRECAUCIONES:<\/span> NO SE DEJE AL ALCANCE DE LOS NI\u00d1OS Y MASCOTAS. No mezcle con otros productos qu\u00edmicos que contengan \u00e1cido o amoniaco. Evite la inhalaci\u00f3n prolongada. \u00daselo en \u00e1reas bien ventiladas. Puede provocar irritaci\u00f3n en piel o mucosas. Si tiene piel sensible use guantes. En caso de ingesta accidental OBTENGA AYUDA M\u00c9DICA de inmediato. Si ocurre contacto con los ojos lave con abundante agua, por lo menos 15 minutos. Guarde el envase bien cerrado, en posici\u00f3n vertical y en un lugar fresco. ALMACENE EL PRODUCTO ALEJADO DE LOS ALIMENTOS, EN UN SITIO SEGURO.<\/p>\n<p>*Elimina bacterias E. coli. S aureus, A. Brasilienses, S. thypi.<\/p>\n<p>Lea la etiqueta antes de usar el producto<\/p>\n<p>[\/et_pb_text][\/et_pb_column][\/et_pb_row][\/et_pb_section]<\/p>\n","protected":false},"excerpt":{"rendered":"<p>Clarasol Ba\u00f1os Ba\u00f1os s\u00faper relucientes.Si quieres tener un ba\u00f1o reluciente, salvo de virus y g\u00e9rmenes, esta es la f\u00f3rmula que necesitas. Desvanece, por completo, las manchas que ensucian las paredes, arrasando con cualquier hongo, dejando el inodoro limpio y resplandeciente. Su f\u00f3rmula efectiva desinfecta y elimina el 99.9% de virus, bacterias y hongos.Presentaciones 750mlUsos Desinfecci\u00f3n [&hellip;]<\/p>\n","protected":false},"author":4,"featured_media":0,"parent":0,"menu_order":0,"comment_status":"closed","ping_status":"closed","template":"","meta":{"_et_pb_use_builder":"on","_et_pb_old_content":"","_et_gb_content_width":"","footnotes":""},"yoast_head":"<!-- This site is optimized with the Yoast SEO plugin v22.6 - https:\/\/yoast.com\/wordpress\/plugins\/seo\/ -->\n<title>Ba\u00f1os - Clarasol<\/title>\n<meta name=\"robots\" content=\"index, follow, max-snippet:-1, max-image-preview:large, max-video-preview:-1\" \/>\n<link rel=\"canonical\" href=\"https:\/\/clarasol.mx\/en\/bano\/\" \/>\n<meta property=\"og:locale\" content=\"en_US\" \/>\n<meta property=\"og:type\" content=\"article\" \/>\n<meta property=\"og:title\" content=\"Ba\u00f1os - Clarasol\" \/>\n<meta property=\"og:description\" content=\"Clarasol Ba\u00f1os Ba\u00f1os s\u00faper relucientes.Si quieres tener un ba\u00f1o reluciente, salvo de virus y g\u00e9rmenes, esta es la f\u00f3rmula que necesitas. Desvanece, por completo, las manchas que ensucian las paredes, arrasando con cualquier hongo, dejando el inodoro limpio y resplandeciente. Su f\u00f3rmula efectiva desinfecta y elimina el 99.9% de virus, bacterias y hongos.Presentaciones 750mlUsos Desinfecci\u00f3n [&hellip;]\" \/>\n<meta property=\"og:url\" content=\"https:\/\/clarasol.mx\/en\/bano\/\" \/>\n<meta property=\"og:site_name\" content=\"Clarasol\" \/>\n<meta property=\"article:modified_time\" content=\"2022-03-08T01:18:06+00:00\" \/>\n<meta name=\"twitter:card\" content=\"summary_large_image\" \/>\n<meta name=\"twitter:label1\" content=\"Est. reading time\" \/>\n\t<meta name=\"twitter:data1\" content=\"3 minutes\" \/>\n<script type=\"application\/ld+json\" class=\"yoast-schema-graph\">{\"@context\":\"https:\/\/schema.org\",\"@graph\":[{\"@type\":\"WebPage\",\"@id\":\"https:\/\/clarasol.mx\/bano\/\",\"url\":\"https:\/\/clarasol.mx\/bano\/\",\"name\":\"Ba\u00f1os - Clarasol\",\"isPartOf\":{\"@id\":\"https:\/\/clarasol.mx\/#website\"},\"datePublished\":\"2020-11-08T21:45:35+00:00\",\"dateModified\":\"2022-03-08T01:18:06+00:00\",\"breadcrumb\":{\"@id\":\"https:\/\/clarasol.mx\/bano\/#breadcrumb\"},\"inLanguage\":\"en-US\",\"potentialAction\":[{\"@type\":\"ReadAction\",\"target\":[\"https:\/\/clarasol.mx\/bano\/\"]}]},{\"@type\":\"BreadcrumbList\",\"@id\":\"https:\/\/clarasol.mx\/bano\/#breadcrumb\",\"itemListElement\":[{\"@type\":\"ListItem\",\"position\":1,\"name\":\"Portada\",\"item\":\"https:\/\/clarasol.mx\/\"},{\"@type\":\"ListItem\",\"position\":2,\"name\":\"Ba\u00f1os\"}]},{\"@type\":\"WebSite\",\"@id\":\"https:\/\/clarasol.mx\/#website\",\"url\":\"https:\/\/clarasol.mx\/\",\"name\":\"Clarasol\",\"description\":\"Clarasol\",\"potentialAction\":[{\"@type\":\"SearchAction\",\"target\":{\"@type\":\"EntryPoint\",\"urlTemplate\":\"https:\/\/clarasol.mx\/?s={search_term_string}\"},\"query-input\":\"required name=search_term_string\"}],\"inLanguage\":\"en-US\"}]}<\/script>\n<!-- \/ Yoast SEO plugin. -->","yoast_head_json":{"title":"Bathrooms - Clarasol","robots":{"index":"index","follow":"follow","max-snippet":"max-snippet:-1","max-image-preview":"max-image-preview:large","max-video-preview":"max-video-preview:-1"},"canonical":"https:\/\/clarasol.mx\/en\/bano\/","og_locale":"en_US","og_type":"article","og_title":"Ba\u00f1os - Clarasol","og_description":"Clarasol Ba\u00f1os Ba\u00f1os s\u00faper relucientes.Si quieres tener un ba\u00f1o reluciente, salvo de virus y g\u00e9rmenes, esta es la f\u00f3rmula que necesitas. Desvanece, por completo, las manchas que ensucian las paredes, arrasando con cualquier hongo, dejando el inodoro limpio y resplandeciente. Su f\u00f3rmula efectiva desinfecta y elimina el 99.9% de virus, bacterias y hongos.Presentaciones 750mlUsos Desinfecci\u00f3n [&hellip;]","og_url":"https:\/\/clarasol.mx\/en\/bano\/","og_site_name":"Clarasol","article_modified_time":"2022-03-08T01:18:06+00:00","twitter_card":"summary_large_image","twitter_misc":{"Est. reading time":"3 minutes"},"schema":{"@context":"https:\/\/schema.org","@graph":[{"@type":"WebPage","@id":"https:\/\/clarasol.mx\/bano\/","url":"https:\/\/clarasol.mx\/bano\/","name":"Bathrooms - Clarasol","isPartOf":{"@id":"https:\/\/clarasol.mx\/#website"},"datePublished":"2020-11-08T21:45:35+00:00","dateModified":"2022-03-08T01:18:06+00:00","breadcrumb":{"@id":"https:\/\/clarasol.mx\/bano\/#breadcrumb"},"inLanguage":"en-US","potentialAction":[{"@type":"ReadAction","target":["https:\/\/clarasol.mx\/bano\/"]}]},{"@type":"BreadcrumbList","@id":"https:\/\/clarasol.mx\/bano\/#breadcrumb","itemListElement":[{"@type":"ListItem","position":1,"name":"Portada","item":"https:\/\/clarasol.mx\/"},{"@type":"ListItem","position":2,"name":"Ba\u00f1os"}]},{"@type":"WebSite","@id":"https:\/\/clarasol.mx\/#website","url":"https:\/\/clarasol.mx\/","name":"Clarasol","description":"Clarasol","potentialAction":[{"@type":"SearchAction","target":{"@type":"EntryPoint","urlTemplate":"https:\/\/clarasol.mx\/?s={search_term_string}"},"query-input":"required name=search_term_string"}],"inLanguage":"en-US"}]}},"_links":{"self":[{"href":"https:\/\/clarasol.mx\/en\/wp-json\/wp\/v2\/pages\/730"}],"collection":[{"href":"https:\/\/clarasol.mx\/en\/wp-json\/wp\/v2\/pages"}],"about":[{"href":"https:\/\/clarasol.mx\/en\/wp-json\/wp\/v2\/types\/page"}],"author":[{"embeddable":true,"href":"https:\/\/clarasol.mx\/en\/wp-json\/wp\/v2\/users\/4"}],"replies":[{"embeddable":true,"href":"https:\/\/clarasol.mx\/en\/wp-json\/wp\/v2\/comments?post=730"}],"version-history":[{"count":6,"href":"https:\/\/clarasol.mx\/en\/wp-json\/wp\/v2\/pages\/730\/revisions"}],"predecessor-version":[{"id":1020,"href":"https:\/\/clarasol.mx\/en\/wp-json\/wp\/v2\/pages\/730\/revisions\/1020"}],"wp:attachment":[{"href":"https:\/\/clarasol.mx\/en\/wp-json\/wp\/v2\/media?parent=730"}],"curies":[{"name":"wp","href":"https:\/\/api.w.org\/{rel}","templated":true}]}}