{"id":748,"date":"2020-11-08T22:03:58","date_gmt":"2020-11-08T22:03:58","guid":{"rendered":"https:\/\/clarasol.mx\/?page_id=748"},"modified":"2022-03-08T01:24:44","modified_gmt":"2022-03-08T01:24:44","slug":"desinfectante-ambiental","status":"publish","type":"page","link":"https:\/\/clarasol.mx\/en\/desinfectante-ambiental\/","title":{"rendered":"Environmental disinfectant"},"content":{"rendered":"<p>[et_pb_section fb_built=&#8221;1&#8243; _builder_version=&#8221;4.6.6&#8243; _module_preset=&#8221;default&#8221; background_image=&#8221;https:\/\/clarasol.mx\/wp-content\/uploads\/2020\/11\/foto_backproductos-scaled.jpg&#8221; background_last_edited=&#8221;on|phone&#8221; background_size_phone=&#8221;initial&#8221;][et_pb_row column_structure=&#8221;1_2,1_2&#8243; _builder_version=&#8221;4.6.6&#8243; _module_preset=&#8221;default&#8221; hover_enabled=&#8221;0&#8243; sticky_enabled=&#8221;0&#8243;][et_pb_column type=&#8221;1_2&#8243; _builder_version=&#8221;4.6.6&#8243; _module_preset=&#8221;default&#8221;][et_pb_image src=&#8221;https:\/\/clarasol.mx\/wp-content\/uploads\/2022\/03\/Clarasol-Desinfectante.png&#8221; alt=&#8221;aerosol&#8221; title_text=&#8221;Clarasol Desinfectante&#8221; _builder_version=&#8221;4.9.7&#8243; _module_preset=&#8221;default&#8221; animation_style=&#8221;zoom&#8221; animation_duration=&#8221;2000ms&#8221; hover_enabled=&#8221;0&#8243; sticky_enabled=&#8221;0&#8243;][\/et_pb_image][\/et_pb_column][et_pb_column type=&#8221;1_2&#8243; _builder_version=&#8221;4.6.6&#8243; _module_preset=&#8221;default&#8221;][et_pb_text _builder_version=&#8221;4.6.6&#8243; _module_preset=&#8221;default&#8221; text_font=&#8221;Montserrat|700|||||||&#8221; text_text_color=&#8221;#56aa6a&#8221; text_font_size=&#8221;25px&#8221; text_line_height=&#8221;1.8em&#8221; header_2_font=&#8221;Montserrat|700|||||||&#8221; header_2_text_color=&#8221;#56aa6a&#8221; header_2_font_size=&#8221;50px&#8221; text_orientation=&#8221;center&#8221; text_font_size_tablet=&#8221;&#8221; text_font_size_phone=&#8221;18px&#8221; text_font_size_last_edited=&#8221;on|phone&#8221; header_2_font_size_tablet=&#8221;&#8221; header_2_font_size_phone=&#8221;35px&#8221; header_2_font_size_last_edited=&#8221;on|phone&#8221; text_text_shadow_style=&#8221;preset5&#8243; text_text_shadow_blur_strength=&#8221;0.1em&#8221; text_text_shadow_color=&#8221;#FFFFFF&#8221;]<\/p>\n<h2>Clarasol Desinfectante Ambiental<\/h2>\n<p>Fresco aroma que elimina los virus.<\/p>\n<p>[\/et_pb_text][et_pb_text _builder_version=&#8221;4.6.6&#8243; _module_preset=&#8221;default&#8221; text_font=&#8221;Montserrat||||||||&#8221; text_text_color=&#8221;#6b6b6b&#8221; text_font_size=&#8221;15px&#8221; text_line_height=&#8221;1.8em&#8221; text_orientation=&#8221;justified&#8221; animation_style=&#8221;slide&#8221; text_text_shadow_style=&#8221;preset4&#8243; text_text_shadow_blur_strength=&#8221;0.01em&#8221; text_text_shadow_color=&#8221;#FFFFFF&#8221;]<\/p>\n<p>Su agradable aroma inspirado en los alpes, dar\u00e1 frescura a tu hogar, eliminando el 99.% de virus, bacterias y hongos. Su potente rociador de f\u00e1cil uso desinfectar\u00e1 desde tus zapatos hasta cada rinc\u00f3n de tu hogar.<\/p>\n<p>[\/et_pb_text][et_pb_text _builder_version=&#8221;4.6.6&#8243; _module_preset=&#8221;default&#8221; text_font=&#8221;Montserrat||||||||&#8221; text_text_color=&#8221;#6b6b6b&#8221; text_font_size=&#8221;15px&#8221; text_line_height=&#8221;1.8em&#8221; header_4_font=&#8221;Montserrat|700|||||||&#8221; header_4_text_color=&#8221;#56aa6a&#8221; text_orientation=&#8221;justified&#8221; animation_style=&#8221;slide&#8221; text_text_shadow_style=&#8221;preset4&#8243; text_text_shadow_blur_strength=&#8221;0.01em&#8221; text_text_shadow_color=&#8221;#FFFFFF&#8221;]<\/p>\n<h4><span style=\"text-decoration: underline;\">Presentaciones<\/span><\/h4>\n<p>400ml<\/p>\n<p>&nbsp;<\/p>\n<p>[\/et_pb_text][et_pb_text _builder_version=&#8221;4.6.6&#8243; _module_preset=&#8221;default&#8221; text_font=&#8221;Montserrat||||||||&#8221; text_text_color=&#8221;#6b6b6b&#8221; text_font_size=&#8221;15px&#8221; text_line_height=&#8221;1.8em&#8221; header_4_font=&#8221;Montserrat|700|||||||&#8221; header_4_text_color=&#8221;#56aa6a&#8221; text_orientation=&#8221;justified&#8221; animation_style=&#8221;slide&#8221; text_text_shadow_style=&#8221;preset4&#8243; text_text_shadow_blur_strength=&#8221;0.01em&#8221; text_text_shadow_color=&#8221;#FFFFFF&#8221;]<\/p>\n<h4><span style=\"text-decoration: underline;\">Usos<\/span><\/h4>\n<p>Desinfecci\u00f3n de superficies, objetos, aparatos y manijas.<br \/> Aromatizante de ambientes con una fragancia fresca.<br \/> No contiene cloro.<\/p>\n<p>[\/et_pb_text][\/et_pb_column][\/et_pb_row][\/et_pb_section]<\/p>\n","protected":false},"excerpt":{"rendered":"<p>Clarasol Desinfectante Ambiental Fresco aroma que elimina los virus.Su agradable aroma inspirado en los alpes, dar\u00e1 frescura a tu hogar, eliminando el 99.% de virus, bacterias y hongos. Su potente rociador de f\u00e1cil uso desinfectar\u00e1 desde tus zapatos hasta cada rinc\u00f3n de tu hogar.Presentaciones 400ml &nbsp;Usos Desinfecci\u00f3n de superficies, objetos, aparatos y manijas. Aromatizante de [&hellip;]<\/p>\n","protected":false},"author":4,"featured_media":0,"parent":0,"menu_order":0,"comment_status":"closed","ping_status":"closed","template":"","meta":{"_et_pb_use_builder":"on","_et_pb_old_content":"","_et_gb_content_width":"","footnotes":""},"yoast_head":"<!-- This site is optimized with the Yoast SEO plugin v22.6 - https:\/\/yoast.com\/wordpress\/plugins\/seo\/ -->\n<title>Desinfectante Ambiental - Clarasol<\/title>\n<meta name=\"robots\" content=\"index, follow, max-snippet:-1, max-image-preview:large, max-video-preview:-1\" \/>\n<link rel=\"canonical\" href=\"https:\/\/clarasol.mx\/en\/desinfectante-ambiental\/\" \/>\n<meta property=\"og:locale\" content=\"en_US\" \/>\n<meta property=\"og:type\" content=\"article\" \/>\n<meta property=\"og:title\" content=\"Desinfectante Ambiental - Clarasol\" \/>\n<meta property=\"og:description\" content=\"Clarasol Desinfectante Ambiental Fresco aroma que elimina los virus.Su agradable aroma inspirado en los alpes, dar\u00e1 frescura a tu hogar, eliminando el 99.% de virus, bacterias y hongos. Su potente rociador de f\u00e1cil uso desinfectar\u00e1 desde tus zapatos hasta cada rinc\u00f3n de tu hogar.Presentaciones 400ml &nbsp;Usos Desinfecci\u00f3n de superficies, objetos, aparatos y manijas. Aromatizante de [&hellip;]\" \/>\n<meta property=\"og:url\" content=\"https:\/\/clarasol.mx\/en\/desinfectante-ambiental\/\" \/>\n<meta property=\"og:site_name\" content=\"Clarasol\" \/>\n<meta property=\"article:modified_time\" content=\"2022-03-08T01:24:44+00:00\" \/>\n<meta name=\"twitter:card\" content=\"summary_large_image\" \/>\n<meta name=\"twitter:label1\" content=\"Est. reading time\" \/>\n\t<meta name=\"twitter:data1\" content=\"2 minutes\" \/>\n<script type=\"application\/ld+json\" class=\"yoast-schema-graph\">{\"@context\":\"https:\/\/schema.org\",\"@graph\":[{\"@type\":\"WebPage\",\"@id\":\"https:\/\/clarasol.mx\/desinfectante-ambiental\/\",\"url\":\"https:\/\/clarasol.mx\/desinfectante-ambiental\/\",\"name\":\"Desinfectante Ambiental - Clarasol\",\"isPartOf\":{\"@id\":\"https:\/\/clarasol.mx\/#website\"},\"datePublished\":\"2020-11-08T22:03:58+00:00\",\"dateModified\":\"2022-03-08T01:24:44+00:00\",\"breadcrumb\":{\"@id\":\"https:\/\/clarasol.mx\/desinfectante-ambiental\/#breadcrumb\"},\"inLanguage\":\"en-US\",\"potentialAction\":[{\"@type\":\"ReadAction\",\"target\":[\"https:\/\/clarasol.mx\/desinfectante-ambiental\/\"]}]},{\"@type\":\"BreadcrumbList\",\"@id\":\"https:\/\/clarasol.mx\/desinfectante-ambiental\/#breadcrumb\",\"itemListElement\":[{\"@type\":\"ListItem\",\"position\":1,\"name\":\"Portada\",\"item\":\"https:\/\/clarasol.mx\/\"},{\"@type\":\"ListItem\",\"position\":2,\"name\":\"Desinfectante Ambiental\"}]},{\"@type\":\"WebSite\",\"@id\":\"https:\/\/clarasol.mx\/#website\",\"url\":\"https:\/\/clarasol.mx\/\",\"name\":\"Clarasol\",\"description\":\"Clarasol\",\"potentialAction\":[{\"@type\":\"SearchAction\",\"target\":{\"@type\":\"EntryPoint\",\"urlTemplate\":\"https:\/\/clarasol.mx\/?s={search_term_string}\"},\"query-input\":\"required name=search_term_string\"}],\"inLanguage\":\"en-US\"}]}<\/script>\n<!-- \/ Yoast SEO plugin. -->","yoast_head_json":{"title":"Environmental Disinfectant - Clarasol","robots":{"index":"index","follow":"follow","max-snippet":"max-snippet:-1","max-image-preview":"max-image-preview:large","max-video-preview":"max-video-preview:-1"},"canonical":"https:\/\/clarasol.mx\/en\/desinfectante-ambiental\/","og_locale":"en_US","og_type":"article","og_title":"Desinfectante Ambiental - Clarasol","og_description":"Clarasol Desinfectante Ambiental Fresco aroma que elimina los virus.Su agradable aroma inspirado en los alpes, dar\u00e1 frescura a tu hogar, eliminando el 99.% de virus, bacterias y hongos. Su potente rociador de f\u00e1cil uso desinfectar\u00e1 desde tus zapatos hasta cada rinc\u00f3n de tu hogar.Presentaciones 400ml &nbsp;Usos Desinfecci\u00f3n de superficies, objetos, aparatos y manijas. Aromatizante de [&hellip;]","og_url":"https:\/\/clarasol.mx\/en\/desinfectante-ambiental\/","og_site_name":"Clarasol","article_modified_time":"2022-03-08T01:24:44+00:00","twitter_card":"summary_large_image","twitter_misc":{"Est. reading time":"2 minutes"},"schema":{"@context":"https:\/\/schema.org","@graph":[{"@type":"WebPage","@id":"https:\/\/clarasol.mx\/desinfectante-ambiental\/","url":"https:\/\/clarasol.mx\/desinfectante-ambiental\/","name":"Environmental Disinfectant - Clarasol","isPartOf":{"@id":"https:\/\/clarasol.mx\/#website"},"datePublished":"2020-11-08T22:03:58+00:00","dateModified":"2022-03-08T01:24:44+00:00","breadcrumb":{"@id":"https:\/\/clarasol.mx\/desinfectante-ambiental\/#breadcrumb"},"inLanguage":"en-US","potentialAction":[{"@type":"ReadAction","target":["https:\/\/clarasol.mx\/desinfectante-ambiental\/"]}]},{"@type":"BreadcrumbList","@id":"https:\/\/clarasol.mx\/desinfectante-ambiental\/#breadcrumb","itemListElement":[{"@type":"ListItem","position":1,"name":"Portada","item":"https:\/\/clarasol.mx\/"},{"@type":"ListItem","position":2,"name":"Desinfectante Ambiental"}]},{"@type":"WebSite","@id":"https:\/\/clarasol.mx\/#website","url":"https:\/\/clarasol.mx\/","name":"Clarasol","description":"Clarasol","potentialAction":[{"@type":"SearchAction","target":{"@type":"EntryPoint","urlTemplate":"https:\/\/clarasol.mx\/?s={search_term_string}"},"query-input":"required name=search_term_string"}],"inLanguage":"en-US"}]}},"_links":{"self":[{"href":"https:\/\/clarasol.mx\/en\/wp-json\/wp\/v2\/pages\/748"}],"collection":[{"href":"https:\/\/clarasol.mx\/en\/wp-json\/wp\/v2\/pages"}],"about":[{"href":"https:\/\/clarasol.mx\/en\/wp-json\/wp\/v2\/types\/page"}],"author":[{"embeddable":true,"href":"https:\/\/clarasol.mx\/en\/wp-json\/wp\/v2\/users\/4"}],"replies":[{"embeddable":true,"href":"https:\/\/clarasol.mx\/en\/wp-json\/wp\/v2\/comments?post=748"}],"version-history":[{"count":7,"href":"https:\/\/clarasol.mx\/en\/wp-json\/wp\/v2\/pages\/748\/revisions"}],"predecessor-version":[{"id":1024,"href":"https:\/\/clarasol.mx\/en\/wp-json\/wp\/v2\/pages\/748\/revisions\/1024"}],"wp:attachment":[{"href":"https:\/\/clarasol.mx\/en\/wp-json\/wp\/v2\/media?parent=748"}],"curies":[{"name":"wp","href":"https:\/\/api.w.org\/{rel}","templated":true}]}}