{"id":88,"date":"2020-10-27T23:25:20","date_gmt":"2020-10-27T23:25:20","guid":{"rendered":"https:\/\/clarasol.mx\/?page_id=88"},"modified":"2021-06-17T21:24:52","modified_gmt":"2021-06-17T21:24:52","slug":"blog","status":"publish","type":"page","link":"https:\/\/clarasol.mx\/en\/blog\/","title":{"rendered":"Blog"},"content":{"rendered":"<p>[et_pb_section fb_built=&#8221;1&#8243; admin_label=&#8221;Header&#8221; _builder_version=&#8221;4.6.6&#8243; background_color=&#8221;#56AA6A&#8221; custom_padding=&#8221;9px||9px||false|false&#8221; locked=&#8221;off&#8221;][et_pb_row column_structure=&#8221;3_5,2_5&#8243; _builder_version=&#8221;4.5.1&#8243;][et_pb_column type=&#8221;3_5&#8243; _builder_version=&#8221;4.5.1&#8243;][et_pb_image src=&#8221;https:\/\/clarasol.mx\/wp-content\/uploads\/2020\/10\/window-cleaning_60-1.png&#8221; title_text=&#8221;window-cleaning_60-1&#8243; align=&#8221;center&#8221; _builder_version=&#8221;4.6.6&#8243; positioning=&#8221;absolute&#8221; position_origin_a_tablet=&#8221;&#8221; position_origin_a_phone=&#8221;&#8221; position_origin_a_last_edited=&#8221;on|tablet&#8221; position_origin_f_tablet=&#8221;&#8221; position_origin_f_phone=&#8221;&#8221; position_origin_f_last_edited=&#8221;on|tablet&#8221; position_origin_r_tablet=&#8221;&#8221; position_origin_r_phone=&#8221;&#8221; position_origin_r_last_edited=&#8221;on|tablet&#8221; max_width_tablet=&#8221;300px&#8221; max_width_phone=&#8221;250px&#8221; max_width_last_edited=&#8221;off|desktop&#8221; max_height_tablet=&#8221;400px&#8221; max_height_phone=&#8221;300px&#8221; max_height_last_edited=&#8221;on|phone&#8221; custom_margin=&#8221;|||-20vw|false|false&#8221; custom_margin_tablet=&#8221;|||0vw|false|false&#8221; custom_margin_phone=&#8221;&#8221; custom_margin_last_edited=&#8221;on|tablet&#8221; positioning_tablet=&#8221;none&#8221; positioning_phone=&#8221;&#8221; positioning_last_edited=&#8221;on|tablet&#8221;][\/et_pb_image][\/et_pb_column][et_pb_column type=&#8221;2_5&#8243; _builder_version=&#8221;4.5.1&#8243; background_enable_color=&#8221;off&#8221; background_image=&#8221;https:\/\/clarasol.mx\/wp-content\/uploads\/2020\/10\/beauty-product_57.png&#8221; background_size=&#8221;contain&#8221; custom_padding=&#8221;15%||15%||true|false&#8221; custom_padding_tablet=&#8221;&#8221; custom_padding_phone=&#8221;&#8221; custom_padding_last_edited=&#8221;on|phone&#8221;][et_pb_text _builder_version=&#8221;4.6.6&#8243; header_font=&#8221;Montserrat|800||on|||||&#8221; header_font_size=&#8221;50px&#8221; header_letter_spacing=&#8221;4px&#8221; header_line_height=&#8221;1.2em&#8221; text_orientation=&#8221;center&#8221; background_layout=&#8221;dark&#8221; header_font_size_tablet=&#8221;40px&#8221; header_font_size_phone=&#8221;30px&#8221; header_font_size_last_edited=&#8221;on|phone&#8221; locked=&#8221;off&#8221;]<\/p>\n<h1>Conoce nuestros mejores tips<\/h1>\n<p>[\/et_pb_text][\/et_pb_column][\/et_pb_row][\/et_pb_section][et_pb_section fb_built=&#8221;1&#8243; _builder_version=&#8221;4.6.6&#8243; _module_preset=&#8221;default&#8221;][et_pb_row _builder_version=&#8221;4.6.6&#8243; _module_preset=&#8221;default&#8221;][et_pb_column type=&#8221;4_4&#8243; _builder_version=&#8221;4.6.6&#8243; _module_preset=&#8221;default&#8221;][et_pb_blog _builder_version=&#8221;4.6.6&#8243; _module_preset=&#8221;default&#8221; hover_enabled=&#8221;0&#8243; include_categories=&#8221;4&#8243; fullwidth=&#8221;off&#8221; show_author=&#8221;off&#8221; show_categories=&#8221;off&#8221; header_font=&#8221;Montserrat||||||||&#8221; header_text_color=&#8221;#56aa6a&#8221; sticky_enabled=&#8221;0&#8243; body_font=&#8221;Montserrat||||||||&#8221; read_more_font=&#8221;Montserrat||||||||&#8221;][\/et_pb_blog][\/et_pb_column][\/et_pb_row][\/et_pb_section][et_pb_section fb_built=&#8221;1&#8243; disabled_on=&#8221;on|on|on&#8221; admin_label=&#8221;About&#8221; _builder_version=&#8221;4.6.6&#8243; background_color=&#8221;#ffffff&#8221; background_enable_image=&#8221;off&#8221; custom_padding=&#8221;13vw||||false|false&#8221; disabled=&#8221;on&#8221; locked=&#8221;off&#8221;][et_pb_row column_structure=&#8221;1_2,1_2&#8243; make_equal=&#8221;on&#8221; _builder_version=&#8221;4.6.6&#8243;][et_pb_column type=&#8221;1_2&#8243; _builder_version=&#8221;4.5.1&#8243;][et_pb_text _builder_version=&#8221;4.6.6&#8243; header_2_font=&#8221;Montserrat|700||on|||||&#8221; header_2_text_color=&#8221;#56AA6A&#8221; header_2_letter_spacing=&#8221;3px&#8221; header_2_line_height=&#8221;1.2em&#8221; header_2_text_align_tablet=&#8221;&#8221; header_2_text_align_phone=&#8221;center&#8221; header_2_text_align_last_edited=&#8221;on|phone&#8221; header_2_font_size_tablet=&#8221;40px&#8221; header_2_font_size_phone=&#8221;20px&#8221; header_2_font_size_last_edited=&#8221;on|phone&#8221; locked=&#8221;off&#8221;]<\/p>\n<h2>DESINFECCI\u00d3N DE LOS TRAPOS Y ESPONJAS<\/h2>\n<div id=\"gtx-trans\" style=\"position: absolute; left: 63px; top: 5.90625px;\">\n<div class=\"gtx-trans-icon\"><\/div>\n<\/div>\n<p>[\/et_pb_text][et_pb_text _builder_version=&#8221;4.6.6&#8243; text_font=&#8221;Montserrat||||||||&#8221; text_font_size=&#8221;16px&#8221; text_line_height=&#8221;2em&#8221; text_orientation=&#8221;justified&#8221; max_width=&#8221;800px&#8221; text_font_size_tablet=&#8221;14px&#8221; text_font_size_phone=&#8221;14px&#8221; text_font_size_last_edited=&#8221;on|desktop&#8221; text_line_height_phone=&#8221;1.6em&#8221; text_line_height_last_edited=&#8221;off|desktop&#8221; locked=&#8221;off&#8221;]<\/p>\n<p>\u00bf C\u00f3mo desinfectarlos y cu\u00e1nto tiempo puedo usarlos? Es muy importante destinar trapos y esponjas para las diversas tareas del hogar, siempre tomando en cuenta el no combinarlas, as\u00ed evitar\u00e1s la contaminaci\u00f3n cruzada. El tiempo m\u00e1ximo de una esponja es de 15 d\u00edas y despu\u00e9s desecharla. Para una efectiva desinfecci\u00f3n recomendamos calentar 60\u00b0C de agua y agregar una cucharadita de Clarasol \u201c El original\u201d, posterior a ello, deja secar al sol y habr\u00e1s obtenido una desinfecci\u00f3n completa.<\/p>\n<p>[\/et_pb_text][\/et_pb_column][et_pb_column type=&#8221;1_2&#8243; _builder_version=&#8221;4.6.6&#8243; custom_padding=&#8221;35px||65px||false|false&#8221; custom_padding_last_edited=&#8221;off|desktop&#8221; border_width_all=&#8221;20px&#8221; border_color_all=&#8221;#56AA6A&#8221;][et_pb_image src=&#8221;https:\/\/clarasol.mx\/wp-content\/uploads\/2020\/11\/tip_desinfectar_trapos.png&#8221; alt=&#8221;tip_desinfectar_trapos&#8221; title_text=&#8221;tip_desinfectar_trapos&#8221; align=&#8221;center&#8221; _builder_version=&#8221;4.6.6&#8243; background_enable_color=&#8221;off&#8221; custom_margin=&#8221;|0px||-60px|false|false&#8221; custom_margin_tablet=&#8221;0%|||0%|false|false&#8221; custom_margin_last_edited=&#8221;off|desktop&#8221; animation_style=&#8221;fold&#8221; locked=&#8221;off&#8221;][\/et_pb_image][\/et_pb_column][\/et_pb_row][\/et_pb_section][et_pb_section fb_built=&#8221;1&#8243; disabled_on=&#8221;on|on|on&#8221; admin_label=&#8221;Mission&#8221; _builder_version=&#8221;4.6.6&#8243; background_color=&#8221;#ffffff&#8221; use_background_color_gradient=&#8221;on&#8221; background_color_gradient_start=&#8221;#64b1d2&#8243; background_color_gradient_end=&#8221;#64b1d2&#8243; background_enable_image=&#8221;off&#8221; custom_padding=&#8221;5vw||5vw||true|false&#8221; disabled=&#8221;on&#8221;][et_pb_row _builder_version=&#8221;4.6.6&#8243; background_enable_color=&#8221;off&#8221; custom_padding=&#8221;40px|40px|40px|40px|true|true&#8221;][et_pb_column type=&#8221;4_4&#8243; _builder_version=&#8221;4.6.6&#8243; background_color=&#8221;#64b1d2&#8243;][et_pb_image src=&#8221;https:\/\/clarasol.mx\/wp-content\/uploads\/2020\/10\/AMBIENTALDESINFECTANTE.png&#8221; title_text=&#8221;AMBIENTALDESINFECTANTE&#8221; align=&#8221;center&#8221; _builder_version=&#8221;4.6.6&#8243; transform_origin=&#8221;100%|50%&#8221; positioning=&#8221;absolute&#8221; position_origin_a=&#8221;center_left&#8221; horizontal_offset=&#8221;-130px&#8221; horizontal_offset_tablet=&#8221;0px&#8221; horizontal_offset_phone=&#8221;&#8221; horizontal_offset_last_edited=&#8221;on|desktop&#8221; position_origin_a_tablet=&#8221;&#8221; position_origin_a_phone=&#8221;&#8221; position_origin_a_last_edited=&#8221;on|tablet&#8221; position_origin_f_tablet=&#8221;&#8221; position_origin_f_phone=&#8221;&#8221; position_origin_f_last_edited=&#8221;on|tablet&#8221; position_origin_r_tablet=&#8221;&#8221; position_origin_r_phone=&#8221;&#8221; position_origin_r_last_edited=&#8221;on|tablet&#8221; width_tablet=&#8221;&#8221; width_phone=&#8221;35%&#8221; width_last_edited=&#8221;on|phone&#8221; max_width=&#8221;270px&#8221; min_height_tablet=&#8221;&#8221; min_height_phone=&#8221;&#8221; min_height_last_edited=&#8221;on|tablet&#8221; max_height_tablet=&#8221;350px&#8221; max_height_phone=&#8221;&#8221; max_height_last_edited=&#8221;on|desktop&#8221; animation_style=&#8221;zoom&#8221; animation_duration=&#8221;1750ms&#8221; positioning_tablet=&#8221;none&#8221; positioning_phone=&#8221;&#8221; positioning_last_edited=&#8221;on|tablet&#8221; module_alignment_tablet=&#8221;center&#8221; module_alignment_last_edited=&#8221;off|phone&#8221;][\/et_pb_image][et_pb_text _builder_version=&#8221;4.6.6&#8243; header_2_font=&#8221;Montserrat|700||on|||||&#8221; header_2_letter_spacing=&#8221;3px&#8221; header_2_line_height=&#8221;1.2em&#8221; text_orientation=&#8221;center&#8221; background_layout=&#8221;dark&#8221; max_width=&#8221;580px&#8221; module_alignment=&#8221;center&#8221; header_2_text_align_tablet=&#8221;&#8221; header_2_text_align_phone=&#8221;center&#8221; header_2_text_align_last_edited=&#8221;on|phone&#8221; header_2_font_size_tablet=&#8221;40px&#8221; header_2_font_size_phone=&#8221;20px&#8221; header_2_font_size_last_edited=&#8221;on|phone&#8221; locked=&#8221;off&#8221;]<\/p>\n<h2>DESINFECCI\u00d3N DE ROPA DE CAMA Y COLCHONES<\/h2>\n<p>[\/et_pb_text][et_pb_text _builder_version=&#8221;4.6.6&#8243; text_font=&#8221;Montserrat||||||||&#8221; text_font_size=&#8221;16px&#8221; text_line_height=&#8221;2em&#8221; text_orientation=&#8221;justified&#8221; background_layout=&#8221;dark&#8221; max_width=&#8221;580px&#8221; module_alignment=&#8221;center&#8221; text_font_size_tablet=&#8221;14px&#8221; text_font_size_phone=&#8221;14px&#8221; text_font_size_last_edited=&#8221;on|desktop&#8221; text_line_height_phone=&#8221;1.6em&#8221; text_line_height_last_edited=&#8221;off|desktop&#8221; locked=&#8221;off&#8221;]<\/p>\n<p>Todos amamos pasar un tiempo con nuestros peludos, pero si eres de los que acostumbra acurrucarte con ellos, entonces te aconsejamos tomar en cuenta los siguientes pasos para evitar la propagaci\u00f3n de chinches, garrapatas, pulgas, etc. o algunas molestas bacterias en tu cama.<br \/> Para ello, recomendamos que una vez a la semana laves tus fundas y s\u00e1banas con Clarasol \u201c El original\u201d, que adem\u00e1s de dejarlas m\u00e1s blancas, estar\u00e1n 100% libres de bacterias, solo tendr\u00e1s que verter una taza de Clarasol, en tu lavadora, posterior a esto deja secar al sol. Tambi\u00e9n para una efectiva desinfecci\u00f3n de tu colch\u00f3n, mezcla agua con 3 gotitas de Clarasol, ventila el \u00e1rea y deja secar durante 15 minutos.<\/p>\n<p>[\/et_pb_text][\/et_pb_column][\/et_pb_row][\/et_pb_section][et_pb_section fb_built=&#8221;1&#8243; disabled_on=&#8221;on|on|on&#8221; admin_label=&#8221;About&#8221; _builder_version=&#8221;4.6.6&#8243; background_color=&#8221;#ffffff&#8221; background_enable_image=&#8221;off&#8221; custom_padding=&#8221;2vw||||false|false&#8221; disabled=&#8221;on&#8221; locked=&#8221;off&#8221;][et_pb_row column_structure=&#8221;1_2,1_2&#8243; make_equal=&#8221;on&#8221; _builder_version=&#8221;4.6.6&#8243;][et_pb_column type=&#8221;1_2&#8243; _builder_version=&#8221;4.6.6&#8243; custom_padding=&#8221;35px||65px||false|false&#8221; custom_padding_last_edited=&#8221;off|desktop&#8221; border_width_all=&#8221;20px&#8221; border_color_all=&#8221;#C90008&#8243;][et_pb_image src=&#8221;https:\/\/clarasol.mx\/wp-content\/uploads\/2020\/11\/tip_desinfectar_cama.png&#8221; alt=&#8221;tip_desinfectar_cama&#8221; title_text=&#8221;tip_desinfectar_cama&#8221; align=&#8221;center&#8221; _builder_version=&#8221;4.6.6&#8243; background_enable_color=&#8221;off&#8221; custom_margin=&#8221;|0px||-60px|false|false&#8221; custom_margin_tablet=&#8221;0%|||0%|false|false&#8221; custom_margin_last_edited=&#8221;off|desktop&#8221; animation_style=&#8221;fold&#8221; locked=&#8221;off&#8221;][\/et_pb_image][\/et_pb_column][et_pb_column type=&#8221;1_2&#8243; _builder_version=&#8221;4.5.1&#8243;][et_pb_text _builder_version=&#8221;4.6.6&#8243; header_2_font=&#8221;Montserrat|700||on|||||&#8221; header_2_text_color=&#8221;#56AA6A&#8221; header_2_font_size=&#8221;25px&#8221; header_2_letter_spacing=&#8221;3px&#8221; header_2_line_height=&#8221;1.2em&#8221; header_2_text_align_tablet=&#8221;&#8221; header_2_text_align_phone=&#8221;center&#8221; header_2_text_align_last_edited=&#8221;on|phone&#8221; header_2_font_size_tablet=&#8221;40px&#8221; header_2_font_size_phone=&#8221;20px&#8221; header_2_font_size_last_edited=&#8221;on|phone&#8221; locked=&#8221;off&#8221;]<\/p>\n<h2>DECORACI\u00d3N DEL HOGAR<\/h2>\n<div id=\"gtx-trans\" style=\"position: absolute; left: 63px; top: 5.90625px;\">\n<div class=\"gtx-trans-icon\"><\/div>\n<\/div>\n<p>[\/et_pb_text][et_pb_text _builder_version=&#8221;4.6.6&#8243; text_font=&#8221;Montserrat||||||||&#8221; text_font_size=&#8221;16px&#8221; text_line_height=&#8221;2em&#8221; text_orientation=&#8221;justified&#8221; max_width=&#8221;800px&#8221; text_font_size_tablet=&#8221;14px&#8221; text_font_size_phone=&#8221;14px&#8221; text_font_size_last_edited=&#8221;on|desktop&#8221; text_line_height_phone=&#8221;1.6em&#8221; text_line_height_last_edited=&#8221;off|desktop&#8221; locked=&#8221;off&#8221;]<\/p>\n<p>Te regalaron unas flores y no sabes c\u00f3mo mantenerlas vivas por m\u00e1s tiempo \u00bf Sab\u00edas que unas gotitas de Clarasol \u201c El original\u201d pueden salvarles la vida durante m\u00e1s tiempo, gracias a que evita la proliferaci\u00f3n y acumulaci\u00f3n de bacterias e insectos. \u00danicamente, deber\u00e1s verter 3 gotitas de Clarasol \u201c El original\u201d en un litro de agua y ver\u00e1s los resultados en tus flores.<\/p>\n<p>[\/et_pb_text][\/et_pb_column][\/et_pb_row][\/et_pb_section][et_pb_section fb_built=&#8221;1&#8243; disabled_on=&#8221;on|on|on&#8221; admin_label=&#8221;Mission&#8221; _builder_version=&#8221;4.6.6&#8243; background_color=&#8221;#F1C443&#8243; background_enable_image=&#8221;off&#8221; custom_padding=&#8221;8vw||8vw||true|false&#8221; disabled=&#8221;on&#8221;][et_pb_row _builder_version=&#8221;4.6.6&#8243; background_color=&#8221;#f1c443&#8243; custom_padding=&#8221;15px|40px|15px|40px|true|true&#8221;][et_pb_column type=&#8221;4_4&#8243; _builder_version=&#8221;4.6.6&#8243;][et_pb_image src=&#8221;https:\/\/clarasol.mx\/wp-content\/uploads\/2020\/10\/MASCOTAS-2.png&#8221; title_text=&#8221;MASCOTAS&#8221; align=&#8221;center&#8221; _builder_version=&#8221;4.6.6&#8243; transform_origin=&#8221;100%|50%&#8221; positioning=&#8221;absolute&#8221; position_origin_a=&#8221;center_left&#8221; horizontal_offset=&#8221;-130px&#8221; horizontal_offset_tablet=&#8221;0px&#8221; horizontal_offset_phone=&#8221;&#8221; horizontal_offset_last_edited=&#8221;on|desktop&#8221; position_origin_a_tablet=&#8221;&#8221; position_origin_a_phone=&#8221;&#8221; position_origin_a_last_edited=&#8221;on|tablet&#8221; position_origin_f_tablet=&#8221;&#8221; position_origin_f_phone=&#8221;&#8221; position_origin_f_last_edited=&#8221;on|tablet&#8221; position_origin_r_tablet=&#8221;&#8221; position_origin_r_phone=&#8221;&#8221; position_origin_r_last_edited=&#8221;on|tablet&#8221; width_tablet=&#8221;&#8221; width_phone=&#8221;35%&#8221; width_last_edited=&#8221;on|phone&#8221; max_width=&#8221;270px&#8221; min_height_tablet=&#8221;&#8221; min_height_phone=&#8221;&#8221; min_height_last_edited=&#8221;on|tablet&#8221; max_height_tablet=&#8221;350px&#8221; max_height_phone=&#8221;&#8221; max_height_last_edited=&#8221;on|desktop&#8221; animation_style=&#8221;zoom&#8221; animation_duration=&#8221;1750ms&#8221; positioning_tablet=&#8221;none&#8221; positioning_phone=&#8221;&#8221; positioning_last_edited=&#8221;on|tablet&#8221; module_alignment_tablet=&#8221;center&#8221; module_alignment_last_edited=&#8221;off|phone&#8221;][\/et_pb_image][et_pb_text _builder_version=&#8221;4.6.6&#8243; header_2_font=&#8221;Montserrat|700||on|||||&#8221; header_2_letter_spacing=&#8221;3px&#8221; header_2_line_height=&#8221;1.2em&#8221; text_orientation=&#8221;center&#8221; background_layout=&#8221;dark&#8221; max_width=&#8221;580px&#8221; module_alignment=&#8221;center&#8221; header_2_font_size_tablet=&#8221;40px&#8221; header_2_font_size_phone=&#8221;20px&#8221; header_2_font_size_last_edited=&#8221;on|phone&#8221; locked=&#8221;off&#8221;]<\/p>\n<h2>NO M\u00c1S MOLESTIAS PARA TUS PELUDOS<\/h2>\n<p>[\/et_pb_text][et_pb_text _builder_version=&#8221;4.6.6&#8243; text_font=&#8221;Montserrat||||||||&#8221; text_font_size=&#8221;16px&#8221; text_line_height=&#8221;2em&#8221; text_orientation=&#8221;justified&#8221; background_layout=&#8221;dark&#8221; max_width=&#8221;580px&#8221; module_alignment=&#8221;center&#8221; text_font_size_tablet=&#8221;14px&#8221; text_font_size_phone=&#8221;14px&#8221; text_font_size_last_edited=&#8221;on|desktop&#8221; text_line_height_phone=&#8221;1.6em&#8221; text_line_height_last_edited=&#8221;off|desktop&#8221; locked=&#8221;off&#8221;]<\/p>\n<p>Los recipientes de tus peludos pueden almacenar diversos virus, bacterias y molestos bichos. Ev\u00edtalos siguiendo estos consejos.<\/p>\n<p> 1) Recuerda no dejar comida por mucho tiempo en los trastos de tu amiguito.<\/p>\n<p> 2) Una vez que tu mascota haya terminado su comida, limpia su recipiente con Clarasol Toallitas.<\/p>\n<p> 3) Para lavar sus platos podr\u00e1s agregar \u00bd cucharadita de Clarasol Mascotas y dejar remojar durante 15 minutos.<\/p>\n<p> 4) Posterior a ello, deja secar al sol, los trastos de tu mascota. Ver\u00e1s como quedan limpios y libres de bacterias.<\/p>\n<p>[\/et_pb_text][\/et_pb_column][\/et_pb_row][\/et_pb_section]<\/p>\n","protected":false},"excerpt":{"rendered":"<p>Conoce nuestros mejores tipsDESINFECCI\u00d3N DE LOS TRAPOS Y ESPONJAS \u00bf C\u00f3mo desinfectarlos y cu\u00e1nto tiempo puedo usarlos? Es muy importante destinar trapos y esponjas para las diversas tareas del hogar, siempre tomando en cuenta el no combinarlas, as\u00ed evitar\u00e1s la contaminaci\u00f3n cruzada. El tiempo m\u00e1ximo de una esponja es de 15 d\u00edas y despu\u00e9s desecharla. [&hellip;]<\/p>\n","protected":false},"author":4,"featured_media":0,"parent":0,"menu_order":0,"comment_status":"closed","ping_status":"closed","template":"","meta":{"_et_pb_use_builder":"on","_et_pb_old_content":"","_et_gb_content_width":"","footnotes":""},"yoast_head":"<!-- This site is optimized with the Yoast SEO plugin v22.6 - https:\/\/yoast.com\/wordpress\/plugins\/seo\/ -->\n<title>Blog - Clarasol<\/title>\n<meta name=\"robots\" content=\"index, follow, max-snippet:-1, max-image-preview:large, max-video-preview:-1\" \/>\n<link rel=\"canonical\" href=\"https:\/\/clarasol.mx\/en\/blog\/\" \/>\n<meta property=\"og:locale\" content=\"en_US\" \/>\n<meta property=\"og:type\" content=\"article\" \/>\n<meta property=\"og:title\" content=\"Blog - Clarasol\" \/>\n<meta property=\"og:description\" content=\"Conoce nuestros mejores tipsDESINFECCI\u00d3N DE LOS TRAPOS Y ESPONJAS \u00bf C\u00f3mo desinfectarlos y cu\u00e1nto tiempo puedo usarlos? Es muy importante destinar trapos y esponjas para las diversas tareas del hogar, siempre tomando en cuenta el no combinarlas, as\u00ed evitar\u00e1s la contaminaci\u00f3n cruzada. El tiempo m\u00e1ximo de una esponja es de 15 d\u00edas y despu\u00e9s desecharla. [&hellip;]\" \/>\n<meta property=\"og:url\" content=\"https:\/\/clarasol.mx\/en\/blog\/\" \/>\n<meta property=\"og:site_name\" content=\"Clarasol\" \/>\n<meta property=\"article:modified_time\" content=\"2021-06-17T21:24:52+00:00\" \/>\n<meta name=\"twitter:card\" content=\"summary_large_image\" \/>\n<meta name=\"twitter:label1\" content=\"Est. reading time\" \/>\n\t<meta name=\"twitter:data1\" content=\"4 minutes\" \/>\n<script type=\"application\/ld+json\" class=\"yoast-schema-graph\">{\"@context\":\"https:\/\/schema.org\",\"@graph\":[{\"@type\":\"WebPage\",\"@id\":\"https:\/\/clarasol.mx\/blog\/\",\"url\":\"https:\/\/clarasol.mx\/blog\/\",\"name\":\"Blog - Clarasol\",\"isPartOf\":{\"@id\":\"https:\/\/clarasol.mx\/#website\"},\"datePublished\":\"2020-10-27T23:25:20+00:00\",\"dateModified\":\"2021-06-17T21:24:52+00:00\",\"breadcrumb\":{\"@id\":\"https:\/\/clarasol.mx\/blog\/#breadcrumb\"},\"inLanguage\":\"en-US\",\"potentialAction\":[{\"@type\":\"ReadAction\",\"target\":[\"https:\/\/clarasol.mx\/blog\/\"]}]},{\"@type\":\"BreadcrumbList\",\"@id\":\"https:\/\/clarasol.mx\/blog\/#breadcrumb\",\"itemListElement\":[{\"@type\":\"ListItem\",\"position\":1,\"name\":\"Portada\",\"item\":\"https:\/\/clarasol.mx\/\"},{\"@type\":\"ListItem\",\"position\":2,\"name\":\"Blog\"}]},{\"@type\":\"WebSite\",\"@id\":\"https:\/\/clarasol.mx\/#website\",\"url\":\"https:\/\/clarasol.mx\/\",\"name\":\"Clarasol\",\"description\":\"Clarasol\",\"potentialAction\":[{\"@type\":\"SearchAction\",\"target\":{\"@type\":\"EntryPoint\",\"urlTemplate\":\"https:\/\/clarasol.mx\/?s={search_term_string}\"},\"query-input\":\"required name=search_term_string\"}],\"inLanguage\":\"en-US\"}]}<\/script>\n<!-- \/ Yoast SEO plugin. -->","yoast_head_json":{"title":"Blog - Clarasol","robots":{"index":"index","follow":"follow","max-snippet":"max-snippet:-1","max-image-preview":"max-image-preview:large","max-video-preview":"max-video-preview:-1"},"canonical":"https:\/\/clarasol.mx\/en\/blog\/","og_locale":"en_US","og_type":"article","og_title":"Blog - Clarasol","og_description":"Conoce nuestros mejores tipsDESINFECCI\u00d3N DE LOS TRAPOS Y ESPONJAS \u00bf C\u00f3mo desinfectarlos y cu\u00e1nto tiempo puedo usarlos? Es muy importante destinar trapos y esponjas para las diversas tareas del hogar, siempre tomando en cuenta el no combinarlas, as\u00ed evitar\u00e1s la contaminaci\u00f3n cruzada. El tiempo m\u00e1ximo de una esponja es de 15 d\u00edas y despu\u00e9s desecharla. [&hellip;]","og_url":"https:\/\/clarasol.mx\/en\/blog\/","og_site_name":"Clarasol","article_modified_time":"2021-06-17T21:24:52+00:00","twitter_card":"summary_large_image","twitter_misc":{"Est. reading time":"4 minutes"},"schema":{"@context":"https:\/\/schema.org","@graph":[{"@type":"WebPage","@id":"https:\/\/clarasol.mx\/blog\/","url":"https:\/\/clarasol.mx\/blog\/","name":"Blog - Clarasol","isPartOf":{"@id":"https:\/\/clarasol.mx\/#website"},"datePublished":"2020-10-27T23:25:20+00:00","dateModified":"2021-06-17T21:24:52+00:00","breadcrumb":{"@id":"https:\/\/clarasol.mx\/blog\/#breadcrumb"},"inLanguage":"en-US","potentialAction":[{"@type":"ReadAction","target":["https:\/\/clarasol.mx\/blog\/"]}]},{"@type":"BreadcrumbList","@id":"https:\/\/clarasol.mx\/blog\/#breadcrumb","itemListElement":[{"@type":"ListItem","position":1,"name":"Portada","item":"https:\/\/clarasol.mx\/"},{"@type":"ListItem","position":2,"name":"Blog"}]},{"@type":"WebSite","@id":"https:\/\/clarasol.mx\/#website","url":"https:\/\/clarasol.mx\/","name":"Clarasol","description":"Clarasol","potentialAction":[{"@type":"SearchAction","target":{"@type":"EntryPoint","urlTemplate":"https:\/\/clarasol.mx\/?s={search_term_string}"},"query-input":"required name=search_term_string"}],"inLanguage":"en-US"}]}},"_links":{"self":[{"href":"https:\/\/clarasol.mx\/en\/wp-json\/wp\/v2\/pages\/88"}],"collection":[{"href":"https:\/\/clarasol.mx\/en\/wp-json\/wp\/v2\/pages"}],"about":[{"href":"https:\/\/clarasol.mx\/en\/wp-json\/wp\/v2\/types\/page"}],"author":[{"embeddable":true,"href":"https:\/\/clarasol.mx\/en\/wp-json\/wp\/v2\/users\/4"}],"replies":[{"embeddable":true,"href":"https:\/\/clarasol.mx\/en\/wp-json\/wp\/v2\/comments?post=88"}],"version-history":[{"count":14,"href":"https:\/\/clarasol.mx\/en\/wp-json\/wp\/v2\/pages\/88\/revisions"}],"predecessor-version":[{"id":770,"href":"https:\/\/clarasol.mx\/en\/wp-json\/wp\/v2\/pages\/88\/revisions\/770"}],"wp:attachment":[{"href":"https:\/\/clarasol.mx\/en\/wp-json\/wp\/v2\/media?parent=88"}],"curies":[{"name":"wp","href":"https:\/\/api.w.org\/{rel}","templated":true}]}}