{"id":882,"date":"2020-12-11T16:05:30","date_gmt":"2020-12-11T16:05:30","guid":{"rendered":"https:\/\/clarasol.mx\/?page_id=882"},"modified":"2022-01-17T19:10:23","modified_gmt":"2022-01-17T19:10:23","slug":"aviso-de-privacidad","status":"publish","type":"page","link":"https:\/\/clarasol.mx\/en\/aviso-de-privacidad\/","title":{"rendered":"Notice of Privacy"},"content":{"rendered":"<p>[et_pb_section fb_built=&#8221;1&#8243; _builder_version=&#8221;4.6.6&#8243; _module_preset=&#8221;default&#8221;][et_pb_row _builder_version=&#8221;4.6.6&#8243; _module_preset=&#8221;default&#8221;][et_pb_column type=&#8221;4_4&#8243; _builder_version=&#8221;4.6.6&#8243; _module_preset=&#8221;default&#8221;][et_pb_text _builder_version=&#8221;4.6.6&#8243; _module_preset=&#8221;default&#8221; text_font=&#8221;Montserrat|700|||||||&#8221; text_font_size=&#8221;35px&#8221; text_line_height=&#8221;1.8em&#8221; text_orientation=&#8221;center&#8221;]<\/p>\n<p>Aviso de privacidad<\/p>\n<p>[\/et_pb_text][et_pb_text _builder_version=&#8221;4.6.6&#8243; _module_preset=&#8221;default&#8221; text_font=&#8221;Montserrat||||||||&#8221; text_orientation=&#8221;justified&#8221;]<\/p>\n<div class=\"page\" title=\"Page 1\">\n<div class=\"section\">\n<div class=\"layoutArea\">\n<div class=\"column\">\n<p>En cumplimiento con lo establecido por la Ley Federal de Protecci\u00f3n de Datos Personales en Posesi\u00f3n de los Particulares, Industrias JLC S.A\u00a0 de C.V entidad mercantil constituida en virtud de la legislaci\u00f3n Mexicana con domicilio fiscal en Av. San Lorenzo Tezonco No. 201, Col. San Nicol\u00e1s Tolentino, Alcald\u00eda Iztapalapa en la Ciudad de M\u00e9xico, (en lo sucesivo de manera conjunta o en lo individual &#8220;JLC&#8221;) hacen de su conocimiento este Aviso de Privacidad (el &#8220;Aviso&#8221;) que le ha sido remitido de conformidad con las leyes mexicanas aplicables al uso de Internet y es aplicable a este sitio o portal web.<\/p>\n<p>En JLC (responsable de este sitio o portal web y de su contenido)\u00a0 respetamos su privacidad y valoramos el compromiso adquirido con usted. Por tanto, el presente Aviso describe los tipos de datos personales que recopilamos en este sitio o portal web, el modo en que los utilizamos y con qui\u00e9nes los compartimos. Se entender\u00e1 por &#8220;datos personales&#8221; (1) aquella informaci\u00f3n relativa a una persona f\u00edsica identificable, que incluye nombre, direcci\u00f3n, g\u00e9nero, preferencias, correo electr\u00f3nico, n\u00famero de tel\u00e9fono y otros datos sobre dicha persona. Nuestro Aviso tambi\u00e9n describe las medidas que hemos adoptado para proteger la seguridad de los datos personales. Tambi\u00e9n le informamos de c\u00f3mo y d\u00f3nde contactarnos para:<\/p>\n<ul>\n<li>I &#8211; acceder, corregir o eliminar los datos personales que usted nos ha proporcionado;<\/li>\n<li>II &#8211; retirar cualesquiera consentimientos que haya dado previamente para el procesamiento de sus datos personales;<\/li>\n<li>III &#8211; pedirnos que no le contactemos con material de promoci\u00f3n de nuestros productos y servicios; y<\/li>\n<li>IV &#8211; plantear preguntas sobre nuestras pr\u00e1cticas de privacidad.<\/li>\n<\/ul>\n<p>Rogamos lea con atenci\u00f3n este Aviso ya que al utilizar este sitio o portal web est\u00e1 aceptando t\u00e1citamente las condiciones descritas en el mismo.<\/p>\n<p>A continuaci\u00f3n se mencionan a manera de lista las condiciones de este Aviso:<\/p>\n<p>1 &#8211; Recopilaci\u00f3n y uso de datos personales<\/p>\n<ul>\n<li>a) Datos personales facilitados de forma directa, incluyendo pero no limitando a los siguientes:\n<ul>\n<li>Contacto<\/li>\n<li>Redes Sociales y otras comunicaciones<\/li>\n<li>Registro de actividades comerciales<\/li>\n<li>Concursos, rifas y otras promociones<\/li>\n<\/ul>\n<\/li>\n<li>b) Recopilaci\u00f3n autom\u00e1tica de datos personales\n<ul>\n<li>Archivos de registro<\/li>\n<li>Cookies<\/li>\n<li>Web Beacons<\/li>\n<\/ul>\n<\/li>\n<li>c) D\u00f3nde y para qu\u00e9 se utilizar\u00e1n sus datos personales<\/li>\n<\/ul>\n<p>2 &#8211; C\u00f3mo compartimos los datos personales<\/p>\n<p>3 &#8211; Enlaces a otros sitios<\/p>\n<p>4 &#8211; C\u00f3mo protegemos los datos personales<\/p>\n<p>5 &#8211; Acceso y modificaciones<\/p>\n<p>6 &#8211; Actualizaciones de nuestro Aviso de Privacidad<\/p>\n<p>7 &#8211; Anuncios, salas de chats, blogs y otros foros para usuarios<\/p>\n<p>8 &#8211; Contacto JLC<\/p>\n<p>&nbsp;<\/p>\n<p><strong>1.- Recopilaci\u00f3n y uso de datos personales<\/strong><\/p>\n<ol>\n<li><strong>a) Datos personales facilitados<\/strong><\/li>\n<\/ol>\n<p>Usted podr\u00e1 elegir si nos facilita o no sus datos personales incluyendo pero no limitando a la siguiente informaci\u00f3n, nombre, direcci\u00f3n, n\u00famero de tel\u00e9fono, o direcci\u00f3n de correo electr\u00f3nico entre otros a trav\u00e9s de nuestro sitio o portal web. Si decide no facilitarnos sus datos personales, puede que no tenga acceso a algunos de los servicios que ofertamos en nuestro sitio o portal web. A continuaci\u00f3n le explicamos c\u00f3mo facilitarnos sus datos personales, qu\u00e9 tipo de datos personales deber\u00e1 introducir y c\u00f3mo los utilizamos.<\/p>\n<ul>\n<li><strong>Contacto<\/strong>\n<ul>\n<li>Si se pone en contacto con nosotros a trav\u00e9s de nuestro sitio o portal web, puede que le solicitemos sus datos personales, como su nombre, direcci\u00f3n de correo electr\u00f3nico y n\u00famero de tel\u00e9fono, para poder responder a sus preguntas y comentarios. Si lo desea, tambi\u00e9n podr\u00e1 introducir informaci\u00f3n adicional.<\/li>\n<\/ul>\n<\/li>\n<li><strong>Redes Sociales y otras comunicaciones<\/strong><\/li>\n<li>En nuestro sitio o portal web se podr\u00e1 registrar para recibir boletines y otras comunicaciones sobre nuestros servicios y promociones a trav\u00e9s de las herramientas proporcionadas por las redes sociales. Al registrarse, le solicitaremos sus datos personales, como su nombre, su direcci\u00f3n de correo electr\u00f3nico, entre otros. Utilizamos estos datos personales para enviarle las comunicaciones que haya solicitado.<\/li>\n<li><strong>Registro de actividades comerciales<\/strong>\n<ul>\n<li>Si accede algunas secciones de nuestro sitio o portal web puede que recolectemos informaci\u00f3n acerca de sus preferencias de compra de productos, esto con el prop\u00f3sito de identificar sus tendencias y ofrecerle productos de mayor calidad.<\/li>\n<\/ul>\n<\/li>\n<li><strong>Concursos, rifas y otras promociones<\/strong>\n<ul>\n<li>En algunos casos llevamos a cabo concursos, rifas y otras promociones. Si decide participar, le solicitaremos sus datos personales, como su nombre, direcci\u00f3n de correo electr\u00f3nico, direcci\u00f3n y n\u00famero de tel\u00e9fono, para los prop\u00f3sitos de estas promociones.<\/li>\n<\/ul>\n<\/li>\n<\/ul>\n<ol>\n<li><strong>b) Recopilaci\u00f3n autom\u00e1tica de datos personales<\/strong><\/li>\n<\/ol>\n<p>Al visitar este sitio o portal web, nosotros recopilamos autom\u00e1ticamente algunos datos personales, que luego sumamos a un conjunto para que no est\u00e9n asociados a una \u00fanica persona que sea identificable. Con esta informaci\u00f3n elaboramos estad\u00edsticas sobre cu\u00e1ntos usuarios visitaron nuestro sitio o portal web y a qu\u00e9 p\u00e1ginas accedieron. Al recopilar esta informaci\u00f3n, aprendemos a adaptar de la mejor manera este sitio o portal web a nuestros visitantes. Tal y como explicamos a continuaci\u00f3n, recopilamos esta informaci\u00f3n a trav\u00e9s de &#8220;archivos temporales&#8221;, &#8220;cookies&#8221; o &#8220;web beacons&#8221;.<\/p>\n<ul>\n<li><strong>Archivos de registro<\/strong>\n<ul>\n<li>Los archivos temporales son archivos web del servidor (como el nombre del dominio o la direcci\u00f3n IP, URL, el c\u00f3digo de respuesta http, el sitio o portal web desde el que nos ha visitado o la fecha y duraci\u00f3n de su visita) que se crean autom\u00e1ticamente cuando un usuario de Internet visita un sitio\/portal. Una vez que deje de usar nuestro sitio o portal web, procesaremos y utilizaremos esta informaci\u00f3n s\u00f3lo para permitir m\u00e1s conexiones, para temas de facturaci\u00f3n, para detectar interrupciones en el equipo de telecomunicaciones, as\u00ed como para detectar abusos en nuestros servicios de telecomunicaciones. Esta informaci\u00f3n se elimina inmediatamente una vez finalizada la conexi\u00f3n al sitio o portal web.<\/li>\n<li>Esta informaci\u00f3n se utiliza para crear perfiles conjuntos generales de nuestra base de usuarios del sitio\/portal, y no para crear perfiles de usuario personalizados. En caso de interrupci\u00f3n o de uso incorrecto, nos reservamos el derecho a presentar una demanda ante las autoridades competentes. No utilizaremos esta informaci\u00f3n para otro(s) prop\u00f3sito(s) y no la compartiremos con terceros, a excepci\u00f3n de lo estipulado en la secci\u00f3n &#8220;C\u00f3mo compartimos los datos personales&#8221;.<\/li>\n<\/ul>\n<\/li>\n<li><strong>Cookies<\/strong>\n<ul>\n<li>Al igual que muchas empresas, utilizamos &#8220;cookies&#8221; o elementos similares en nuestro sitio o portal web. Las cookies son archivos de texto que quedan almacenados en el disco duro de su computadora cuando visita algunos sitios o portales web. Utilizamos las cookies para saber, por ejemplo, si ha visitado anteriormente nuestro sitio o portal web o si es la primera vez que lo hace, as\u00ed como para ayudarnos a identificar aplicaciones del sitio o portal web en las que pueda tener mayor inter\u00e9s. Las cookies pueden mejorar su experiencia on-line, por ejemplo record\u00e1ndole sus contrase\u00f1as y mostr\u00e1ndole sus preferencias cuando visita un sitio o portal web en particular.<\/li>\n<li>Al principio, la mayor\u00eda de los navegadores est\u00e1n configurados para aceptar cookies. La aplicaci\u00f3n &#8220;ayuda&#8221; de la barra de herramientas de la mayor\u00eda de navegadores le dir\u00e1 c\u00f3mo dejar de aceptar cookies nuevas, c\u00f3mo recibir notificaciones sobre cookies nuevas, y c\u00f3mo deshabilitar las cookies existentes.<\/li>\n<\/ul>\n<\/li>\n<li><strong>Web Beacons<\/strong>\n<ul>\n<li>Algunas p\u00e1ginas de nuestro sitio o portal web contienen &#8220;web beacons&#8221; (tambi\u00e9n conocidos como etiquetas de Internet, etiquetas de p\u00edxel y clear GIFs). Los web beacons permiten a terceros obtener informaci\u00f3n, como es la direcci\u00f3n IP del ordenador que ha descargado la p\u00e1gina en la que aparece el beacon, la URL de la p\u00e1gina en la que aparece el beacon, la hora en la que se produjo la visita a la p\u00e1gina con el beacon, el tipo de navegador utilizado para visitar la p\u00e1gina, as\u00ed como la informaci\u00f3n de las cookies enviada por el tercero.<\/li>\n<\/ul>\n<\/li>\n<\/ul>\n<ol>\n<li><strong>c) D\u00f3nde y para qu\u00e9 se utilizar\u00e1n sus datos personales<\/strong><\/li>\n<\/ol>\n<p>Sus datos personales ser\u00e1n recopilados y procesados en M\u00e9xico.<\/p>\n<p>Sus datos personales ser\u00e1n recopilados con fines de proveer los servicios y productos requeridos por usted; Informar sobre cambios o nuevos productos o servicios que est\u00e9n relacionados con el contratado o adquirido por usted; Dar cumplimiento a obligaciones contra\u00eddas con nuestros clientes; Evaluar la calidad del servicio, y Realizar estudios internos sobre h\u00e1bitos de consumo.<\/p>\n<p>JLC ha adoptado todas las medidas necesarias para garantizar dentro de lo posible la correcta protecci\u00f3n de sus datos personales. Si ya no consiente la transmisi\u00f3n de sus datos personales tal y como figura en el presente apartado, p\u00f3ngase en contacto con nosotros refiri\u00e9ndose a la secci\u00f3n a la secci\u00f3n &#8220;Contacto JLC&#8221;.<\/p>\n<p><strong>2.- C\u00f3mo compartimos los datos personales<\/strong><\/p>\n<p>A excepci\u00f3n de lo establecido aqu\u00ed, no vendemos ni revelamos los datos personales de los visitantes de nuestro sitio o portal web. Podremos compartir sus datos personales con empresas filiales de JLC o Terceros, para mandarle noticias y\/o promociones espec\u00edficas que le notificamos al registrarse en nuestro sitio o portal web.<\/p>\n<p>Tambi\u00e9n podremos compartir sus datos personales con proveedores de servicios que hayamos contratado para ofrecer servicios en nuestro nombre. Estas partes s\u00f3lo recibir\u00e1n los datos personales que necesiten para realizar sus tareas. S\u00f3lo podr\u00e1n utilizar y revelar dichos datos personales para ofrecer los servicios en nuestro nombre o para cumplir con los requisitos legales.<\/p>\n<p>Adicionalmente, podremos revelar sus datos personales (I) si la ley o un proceso legal as\u00ed nos lo exigen, (II) ante las autoridades competentes u otras autoridades gubernamentales, o (III) cuando consideremos que la publicaci\u00f3n de los mismos es necesaria o apropiada para evitar da\u00f1os f\u00edsicos o p\u00e9rdidas econ\u00f3micas o en relaci\u00f3n con una investigaci\u00f3n sobre una actividad ilegal, presunta o real y las dem\u00e1s previstas por la Ley Federal de Protecci\u00f3n de Datos Personales en Posesi\u00f3n de los Particulares.<\/p>\n<p>Nos reservamos el derecho a transmitir sus datos personales en caso de vender o traspasar la totalidad o parte de nuestro negocio o activos. En caso de producirse dicha venta o traspaso, haremos todo lo posible para instar al siguiente propietario a utilizar los datos personales proporcionados a trav\u00e9s de este sitio o portal web con arreglo a este Aviso. Si no desea que sus datos personales sean procesados tras el traspaso, deber\u00e1 ponerse en contacto con el siguiente propietario.<\/p>\n<p><strong>3.- Enlaces a otros sitios<\/strong><\/p>\n<p>Para su conveniencia e informaci\u00f3n, nuestro sitio o portal web podr\u00e1 ofrecer enlaces a otros sitios y\/o redes sociales. Dichos sitios funcionar\u00e1n de un modo independiente a nuestro sitio o portal web. Estos enlaces tendr\u00e1n sus propios avisos de privacidad, que le recomendamos leer encarecidamente si visita alguno de ellos. En la medida en la que los enlaces que visite no est\u00e1n relacionados con JLC, no seremos responsables de su contenido, mantenimiento o disponibilidad.<\/p>\n<p><strong>4.- C\u00f3mo protegemos los datos personales<\/strong><\/p>\n<p>Este sitio o portal web est\u00e1 protegido de forma administrativa, t\u00e9cnica y f\u00edsica para evitar p\u00e9rdidas, usos incorrectos o accesos no autorizados, publicaciones, modificaciones o destrucciones de los datos personales que nos ha proporcionado.<\/p>\n<p><strong>5.- Acceso y modificaciones<\/strong><\/p>\n<p>En caso de que desee ejercer cualquiera de sus derechos sobre sus datos personales [(ARCO) (2)], puede contactarnos a trav\u00e9s de nuestro departamento de Atenci\u00f3n a Clientes las 24 horas los 365 d\u00edas del a\u00f1o a los medios de contacto mencionados en la secci\u00f3n 8 &#8220;Contacto JLC&#8221; de este Aviso, ah\u00ed se le informar\u00e1 sobre los mecanismos a seguir para ejercer estos derechos sobre sus datos.<\/p>\n<p><strong>6.- Actualizaciones de nuestro Aviso de Privacidad<\/strong><\/p>\n<p>Podremos actualizar peri\u00f3dicamente el presente Aviso para reflejar los cambios de nuestras pr\u00e1cticas de seguridad de informaci\u00f3n, estas modificaciones estar\u00e1n aplicadas en nuestra p\u00e1gina de internet (secci\u00f3n aviso de privacidad).<\/p>\n<p><strong>7.- Anuncios, salas de chats, blogs y otros foros para usuarios<\/strong><\/p>\n<p>Los datos personales colgados en los anuncios, las salas de chat, blogs y otros foros para usuarios pasan a ser informaci\u00f3n p\u00fablica. Sea precavido al usar estas aplicaciones de nuestro sitio o portal web.<\/p>\n<p><strong>8.- Contacto JLC<\/strong><\/p>\n<p>En caso de que tenga alguna pregunta o desee ejercer cualquiera de sus derechos sobre sus datos personales, puede contactarnos a trav\u00e9s de nuestro departamento de Atenci\u00f3n a Clientes\/ Oficina de Privacidad las 24 horas los 365 d\u00edas del a\u00f1o a los siguientes tel\u00e9fonos:<\/p>\n<p>55-56121225<\/p>\n<p>contacto@clarasol.com<\/p>\n<p>En un horario de 8:00 am a 18:30 pm horas durante los d\u00edas h\u00e1biles laborables del a\u00f1o calendario vigente<\/p>\n<p>&nbsp;<\/p>\n<p>Industrias JLC S.A. de C.V.<\/p>\n<p>Av. San Lorenzo Tezonco No. 201,<\/p>\n<p>Col. San Nicolas Tolentino<\/p>\n<p>Alcald\u00eda Iztapalapa<\/p>\n<p>CP 09850, Ciudad de M\u00e9xico.<\/p>\n<p>&nbsp;<\/p>\n<p>(1) Tome en consideraci\u00f3n que dentro de datos personales se encuentran o se pueden encontrar &#8220;datos sensibles&#8221; siendo estos, aquellos datos personales que afecten a la esfera m\u00e1s \u00edntima de su titular, o cuya utilizaci\u00f3n indebida pueda dar origen a discriminaci\u00f3n o conlleve un riesgo grave para \u00e9ste. En particular, se consideran sensibles aquellos que puedan revelar aspectos como origen racial o \u00e9tnico, estado de salud presente y futuro, informaci\u00f3n gen\u00e9tica, creencias religiosas, filos\u00f3ficas y morales, afiliaci\u00f3n sindical, opiniones pol\u00edticas, preferencia sexual.<\/p>\n<p>(2) ARCO: (A) Acceso, (R) Rectificaci\u00f3n, (C) Correcci\u00f3n, (O) Oposici\u00f3n<\/p>\n<p>&nbsp;<\/p>\n<\/div>\n<\/div>\n<\/div>\n<\/div>\n<p>[\/et_pb_text][\/et_pb_column][\/et_pb_row][\/et_pb_section]<\/p>\n","protected":false},"excerpt":{"rendered":"<p>Aviso de privacidad En cumplimiento con lo establecido por la Ley Federal de Protecci\u00f3n de Datos Personales en Posesi\u00f3n de los Particulares, Industrias JLC S.A\u00a0 de C.V entidad mercantil constituida en virtud de la legislaci\u00f3n Mexicana con domicilio fiscal en Av. San Lorenzo Tezonco No. 201, Col. San Nicol\u00e1s Tolentino, Alcald\u00eda Iztapalapa en la Ciudad [&hellip;]<\/p>\n","protected":false},"author":4,"featured_media":0,"parent":0,"menu_order":0,"comment_status":"closed","ping_status":"closed","template":"","meta":{"_et_pb_use_builder":"on","_et_pb_old_content":"","_et_gb_content_width":"","footnotes":""},"yoast_head":"<!-- This site is optimized with the Yoast SEO plugin v22.6 - https:\/\/yoast.com\/wordpress\/plugins\/seo\/ -->\n<title>Aviso de privacidad - Clarasol<\/title>\n<meta name=\"robots\" content=\"index, follow, max-snippet:-1, max-image-preview:large, max-video-preview:-1\" \/>\n<link rel=\"canonical\" href=\"https:\/\/clarasol.mx\/en\/aviso-de-privacidad\/\" \/>\n<meta property=\"og:locale\" content=\"en_US\" \/>\n<meta property=\"og:type\" content=\"article\" \/>\n<meta property=\"og:title\" content=\"Aviso de privacidad - Clarasol\" \/>\n<meta property=\"og:description\" content=\"Aviso de privacidad En cumplimiento con lo establecido por la Ley Federal de Protecci\u00f3n de Datos Personales en Posesi\u00f3n de los Particulares, Industrias JLC S.A\u00a0 de C.V entidad mercantil constituida en virtud de la legislaci\u00f3n Mexicana con domicilio fiscal en Av. San Lorenzo Tezonco No. 201, Col. San Nicol\u00e1s Tolentino, Alcald\u00eda Iztapalapa en la Ciudad [&hellip;]\" \/>\n<meta property=\"og:url\" content=\"https:\/\/clarasol.mx\/en\/aviso-de-privacidad\/\" \/>\n<meta property=\"og:site_name\" content=\"Clarasol\" \/>\n<meta property=\"article:modified_time\" content=\"2022-01-17T19:10:23+00:00\" \/>\n<meta name=\"twitter:card\" content=\"summary_large_image\" \/>\n<meta name=\"twitter:label1\" content=\"Est. reading time\" \/>\n\t<meta name=\"twitter:data1\" content=\"12 minutes\" \/>\n<script type=\"application\/ld+json\" class=\"yoast-schema-graph\">{\"@context\":\"https:\/\/schema.org\",\"@graph\":[{\"@type\":\"WebPage\",\"@id\":\"https:\/\/clarasol.mx\/aviso-de-privacidad\/\",\"url\":\"https:\/\/clarasol.mx\/aviso-de-privacidad\/\",\"name\":\"Aviso de privacidad - Clarasol\",\"isPartOf\":{\"@id\":\"https:\/\/clarasol.mx\/#website\"},\"datePublished\":\"2020-12-11T16:05:30+00:00\",\"dateModified\":\"2022-01-17T19:10:23+00:00\",\"breadcrumb\":{\"@id\":\"https:\/\/clarasol.mx\/aviso-de-privacidad\/#breadcrumb\"},\"inLanguage\":\"en-US\",\"potentialAction\":[{\"@type\":\"ReadAction\",\"target\":[\"https:\/\/clarasol.mx\/aviso-de-privacidad\/\"]}]},{\"@type\":\"BreadcrumbList\",\"@id\":\"https:\/\/clarasol.mx\/aviso-de-privacidad\/#breadcrumb\",\"itemListElement\":[{\"@type\":\"ListItem\",\"position\":1,\"name\":\"Portada\",\"item\":\"https:\/\/clarasol.mx\/\"},{\"@type\":\"ListItem\",\"position\":2,\"name\":\"Aviso de privacidad\"}]},{\"@type\":\"WebSite\",\"@id\":\"https:\/\/clarasol.mx\/#website\",\"url\":\"https:\/\/clarasol.mx\/\",\"name\":\"Clarasol\",\"description\":\"Clarasol\",\"potentialAction\":[{\"@type\":\"SearchAction\",\"target\":{\"@type\":\"EntryPoint\",\"urlTemplate\":\"https:\/\/clarasol.mx\/?s={search_term_string}\"},\"query-input\":\"required name=search_term_string\"}],\"inLanguage\":\"en-US\"}]}<\/script>\n<!-- \/ Yoast SEO plugin. -->","yoast_head_json":{"title":"Privacy Notice - Clarasol","robots":{"index":"index","follow":"follow","max-snippet":"max-snippet:-1","max-image-preview":"max-image-preview:large","max-video-preview":"max-video-preview:-1"},"canonical":"https:\/\/clarasol.mx\/en\/aviso-de-privacidad\/","og_locale":"en_US","og_type":"article","og_title":"Aviso de privacidad - Clarasol","og_description":"Aviso de privacidad En cumplimiento con lo establecido por la Ley Federal de Protecci\u00f3n de Datos Personales en Posesi\u00f3n de los Particulares, Industrias JLC S.A\u00a0 de C.V entidad mercantil constituida en virtud de la legislaci\u00f3n Mexicana con domicilio fiscal en Av. San Lorenzo Tezonco No. 201, Col. San Nicol\u00e1s Tolentino, Alcald\u00eda Iztapalapa en la Ciudad [&hellip;]","og_url":"https:\/\/clarasol.mx\/en\/aviso-de-privacidad\/","og_site_name":"Clarasol","article_modified_time":"2022-01-17T19:10:23+00:00","twitter_card":"summary_large_image","twitter_misc":{"Est. reading time":"12 minutes"},"schema":{"@context":"https:\/\/schema.org","@graph":[{"@type":"WebPage","@id":"https:\/\/clarasol.mx\/aviso-de-privacidad\/","url":"https:\/\/clarasol.mx\/aviso-de-privacidad\/","name":"Privacy Notice - Clarasol","isPartOf":{"@id":"https:\/\/clarasol.mx\/#website"},"datePublished":"2020-12-11T16:05:30+00:00","dateModified":"2022-01-17T19:10:23+00:00","breadcrumb":{"@id":"https:\/\/clarasol.mx\/aviso-de-privacidad\/#breadcrumb"},"inLanguage":"en-US","potentialAction":[{"@type":"ReadAction","target":["https:\/\/clarasol.mx\/aviso-de-privacidad\/"]}]},{"@type":"BreadcrumbList","@id":"https:\/\/clarasol.mx\/aviso-de-privacidad\/#breadcrumb","itemListElement":[{"@type":"ListItem","position":1,"name":"Portada","item":"https:\/\/clarasol.mx\/"},{"@type":"ListItem","position":2,"name":"Aviso de privacidad"}]},{"@type":"WebSite","@id":"https:\/\/clarasol.mx\/#website","url":"https:\/\/clarasol.mx\/","name":"Clarasol","description":"Clarasol","potentialAction":[{"@type":"SearchAction","target":{"@type":"EntryPoint","urlTemplate":"https:\/\/clarasol.mx\/?s={search_term_string}"},"query-input":"required name=search_term_string"}],"inLanguage":"en-US"}]}},"_links":{"self":[{"href":"https:\/\/clarasol.mx\/en\/wp-json\/wp\/v2\/pages\/882"}],"collection":[{"href":"https:\/\/clarasol.mx\/en\/wp-json\/wp\/v2\/pages"}],"about":[{"href":"https:\/\/clarasol.mx\/en\/wp-json\/wp\/v2\/types\/page"}],"author":[{"embeddable":true,"href":"https:\/\/clarasol.mx\/en\/wp-json\/wp\/v2\/users\/4"}],"replies":[{"embeddable":true,"href":"https:\/\/clarasol.mx\/en\/wp-json\/wp\/v2\/comments?post=882"}],"version-history":[{"count":5,"href":"https:\/\/clarasol.mx\/en\/wp-json\/wp\/v2\/pages\/882\/revisions"}],"predecessor-version":[{"id":985,"href":"https:\/\/clarasol.mx\/en\/wp-json\/wp\/v2\/pages\/882\/revisions\/985"}],"wp:attachment":[{"href":"https:\/\/clarasol.mx\/en\/wp-json\/wp\/v2\/media?parent=882"}],"curies":[{"name":"wp","href":"https:\/\/api.w.org\/{rel}","templated":true}]}}